{"id":13043,"date":"2022-08-03T13:42:18","date_gmt":"2022-08-03T11:42:18","guid":{"rendered":"https:\/\/boskapszczola.pl\/contact\/"},"modified":"2025-02-17T16:56:49","modified_gmt":"2025-02-17T15:56:49","slug":"contact","status":"publish","type":"page","link":"https:\/\/boskapszczola.pl\/en\/contact\/","title":{"rendered":"Contact"},"content":{"rendered":"\t\t<div data-elementor-type=\"wp-page\" data-elementor-id=\"13043\" class=\"elementor elementor-13043 elementor-37\" data-elementor-post-type=\"page\">\n\t\t\t\t\t\t<section class=\"elementor-section elementor-top-section elementor-element elementor-element-dec3413 elementor-section-boxed elementor-section-height-default elementor-section-height-default\" data-id=\"dec3413\" data-element_type=\"section\" data-e-type=\"section\" data-settings=\"{&quot;background_background&quot;:&quot;classic&quot;}\">\n\t\t\t\t\t\t<div class=\"elementor-container elementor-column-gap-no\">\n\t\t\t\t\t<div class=\"elementor-column elementor-col-100 elementor-top-column elementor-element elementor-element-9869180\" data-id=\"9869180\" data-element_type=\"column\" data-e-type=\"column\">\n\t\t\t<div class=\"elementor-widget-wrap elementor-element-populated\">\n\t\t\t\t\t\t<div class=\"elementor-element elementor-element-127fde2 elementor-widget elementor-widget-heading\" data-id=\"127fde2\" data-element_type=\"widget\" data-e-type=\"widget\" data-widget_type=\"heading.default\">\n\t\t\t\t<div class=\"elementor-widget-container\">\n\t\t\t\t\t<h1 class=\"elementor-heading-title elementor-size-default\">Contact<\/h1>\t\t\t\t<\/div>\n\t\t\t\t<\/div>\n\t\t\t\t\t<\/div>\n\t\t<\/div>\n\t\t\t\t\t<\/div>\n\t\t<\/section>\n\t\t\t\t<section class=\"elementor-section elementor-top-section elementor-element elementor-element-a229aa1 elementor-section-boxed elementor-section-height-default elementor-section-height-default\" data-id=\"a229aa1\" data-element_type=\"section\" data-e-type=\"section\" data-settings=\"{&quot;background_background&quot;:&quot;gradient&quot;}\">\n\t\t\t\t\t\t<div class=\"elementor-container elementor-column-gap-no\">\n\t\t\t\t\t<div class=\"elementor-column elementor-col-50 elementor-top-column elementor-element elementor-element-234d4e7\" data-id=\"234d4e7\" data-element_type=\"column\" data-e-type=\"column\" data-settings=\"{&quot;background_background&quot;:&quot;classic&quot;}\">\n\t\t\t<div class=\"elementor-widget-wrap elementor-element-populated\">\n\t\t\t\t\t\t<div class=\"elementor-element elementor-element-ce76fc9 elementor-widget elementor-widget-heading\" data-id=\"ce76fc9\" data-element_type=\"widget\" data-e-type=\"widget\" data-widget_type=\"heading.default\">\n\t\t\t\t<div class=\"elementor-widget-container\">\n\t\t\t\t\t<h2 class=\"elementor-heading-title elementor-size-default\">Write to us, we will answer any question<\/h2>\t\t\t\t<\/div>\n\t\t\t\t<\/div>\n\t\t\t\t<div class=\"elementor-element elementor-element-8b5c8cc elementor-widget elementor-widget-text-editor\" data-id=\"8b5c8cc\" data-element_type=\"widget\" data-e-type=\"widget\" data-widget_type=\"text-editor.default\">\n\t\t\t\t<div class=\"elementor-widget-container\">\n\t\t\t\t\t\t\t\t\t<p>The details below are the company&#8217;s contact information. We do not sell cosmetics on site, so we encourage you to shop online. If you have any questions or problems, feel free to contact us via email or the form next to  <\/p>\t\t\t\t\t\t\t\t<\/div>\n\t\t\t\t<\/div>\n\t\t\t\t<div class=\"elementor-element elementor-element-3998eaf elementor-mobile-align-start elementor-icon-list--layout-traditional elementor-list-item-link-full_width elementor-widget elementor-widget-icon-list\" data-id=\"3998eaf\" data-element_type=\"widget\" data-e-type=\"widget\" data-widget_type=\"icon-list.default\">\n\t\t\t\t<div class=\"elementor-widget-container\">\n\t\t\t\t\t\t\t<ul class=\"elementor-icon-list-items\">\n\t\t\t\t\t\t\t<li class=\"elementor-icon-list-item\">\n\t\t\t\t\t\t\t\t\t\t\t<a href=\"#\">\n\n\t\t\t\t\t\t\t\t\t\t\t\t<span class=\"elementor-icon-list-icon\">\n\t\t\t\t\t\t\t<i aria-hidden=\"true\" class=\"fas fa-map-marker-alt\"><\/i>\t\t\t\t\t\t<\/span>\n\t\t\t\t\t\t\t\t\t\t<span class=\"elementor-icon-list-text\">Divine Bee Natalia Martin, Dove 39, 06-150 Swiercze<\/span>\n\t\t\t\t\t\t\t\t\t\t\t<\/a>\n\t\t\t\t\t\t\t\t\t<\/li>\n\t\t\t\t\t\t\t\t<li class=\"elementor-icon-list-item\">\n\t\t\t\t\t\t\t\t\t\t\t<a href=\"#\">\n\n\t\t\t\t\t\t\t\t\t\t\t\t<span class=\"elementor-icon-list-icon\">\n\t\t\t\t\t\t\t<i aria-hidden=\"true\" class=\"fas fa-envelope\"><\/i>\t\t\t\t\t\t<\/span>\n\t\t\t\t\t\t\t\t\t\t<span class=\"elementor-icon-list-text\">natalia@boskapszczola.pl<\/span>\n\t\t\t\t\t\t\t\t\t\t\t<\/a>\n\t\t\t\t\t\t\t\t\t<\/li>\n\t\t\t\t\t\t\t\t<li class=\"elementor-icon-list-item\">\n\t\t\t\t\t\t\t\t\t\t\t<span class=\"elementor-icon-list-icon\">\n\t\t\t\t\t\t\t<i aria-hidden=\"true\" class=\"fas fa-phone-alt\"><\/i>\t\t\t\t\t\t<\/span>\n\t\t\t\t\t\t\t\t\t\t<span class=\"elementor-icon-list-text\">695 422 200<\/span>\n\t\t\t\t\t\t\t\t\t<\/li>\n\t\t\t\t\t\t\t\t<li class=\"elementor-icon-list-item\">\n\t\t\t\t\t\t\t\t\t\t\t<span class=\"elementor-icon-list-icon\">\n\t\t\t\t\t\t\t<i aria-hidden=\"true\" class=\"fas fa-eye\"><\/i>\t\t\t\t\t\t<\/span>\n\t\t\t\t\t\t\t\t\t\t<span class=\"elementor-icon-list-text\">NIP: 6652717218<\/span>\n\t\t\t\t\t\t\t\t\t<\/li>\n\t\t\t\t\t\t\t\t<li class=\"elementor-icon-list-item\">\n\t\t\t\t\t\t\t\t\t\t\t<span class=\"elementor-icon-list-icon\">\n\t\t\t\t\t\t\t<i aria-hidden=\"true\" class=\"fas fa-check-circle\"><\/i>\t\t\t\t\t\t<\/span>\n\t\t\t\t\t\t\t\t\t\t<span class=\"elementor-icon-list-text\">REGON: 389049772<\/span>\n\t\t\t\t\t\t\t\t\t<\/li>\n\t\t\t\t\t\t<\/ul>\n\t\t\t\t\t\t<\/div>\n\t\t\t\t<\/div>\n\t\t\t\t\t<\/div>\n\t\t<\/div>\n\t\t\t\t<div class=\"elementor-column elementor-col-50 elementor-top-column elementor-element elementor-element-c50684e\" data-id=\"c50684e\" data-element_type=\"column\" data-e-type=\"column\" data-settings=\"{&quot;background_background&quot;:&quot;classic&quot;}\">\n\t\t\t<div class=\"elementor-widget-wrap elementor-element-populated\">\n\t\t\t\t\t\t<div class=\"elementor-element elementor-element-4613d97 elementor-widget elementor-widget-wpforms\" data-id=\"4613d97\" data-element_type=\"widget\" data-e-type=\"widget\" data-widget_type=\"wpforms.default\">\n\t\t\t\t<div class=\"elementor-widget-container\">\n\t\t\t\t\t<div class=\"wpforms-container \" id=\"wpforms-5324\"><form id=\"wpforms-form-5324\" class=\"wpforms-validate wpforms-form wpforms-ajax-form\" data-formid=\"5324\" method=\"post\" enctype=\"multipart\/form-data\" action=\"\/en\/wp-json\/wp\/v2\/pages\/13043\" data-token=\"713847b45f55158593005b75203ed2d0\" data-token-time=\"1777019875\"><noscript class=\"wpforms-error-noscript\">Please enable JavaScript in your browser to complete this form.<\/noscript><div class=\"wpforms-field-container\"><div id=\"wpforms-5324-field_0-container\" class=\"wpforms-field wpforms-field-name\" data-field-id=\"0\"><label class=\"wpforms-field-label\" for=\"wpforms-5324-field_0\">Imi\u0119 i nazwisko <span class=\"wpforms-required-label\">*<\/span><\/label><input type=\"text\" id=\"wpforms-5324-field_0\" class=\"wpforms-field-large wpforms-field-required\" name=\"wpforms[fields][0]\" required><\/div><div id=\"wpforms-5324-field_1-container\" class=\"wpforms-field wpforms-field-email\" data-field-id=\"1\"><label class=\"wpforms-field-label\" for=\"wpforms-5324-field_1\">Adres e-mail <span class=\"wpforms-required-label\">*<\/span><\/label><input type=\"email\" id=\"wpforms-5324-field_1\" class=\"wpforms-field-large wpforms-field-required\" name=\"wpforms[fields][1]\" spellcheck=\"false\" required><\/div><div id=\"wpforms-5324-field_2-container\" class=\"wpforms-field wpforms-field-textarea\" data-field-id=\"2\"><label class=\"wpforms-field-label\" for=\"wpforms-5324-field_2\">Wiadomo\u015b\u0107 <span class=\"wpforms-required-label\">*<\/span><\/label><textarea id=\"wpforms-5324-field_2\" class=\"wpforms-field-medium wpforms-field-required\" name=\"wpforms[fields][2]\" required><\/textarea><\/div><div id=\"wpforms-5324-field_3-container\" class=\"wpforms-field wpforms-field-captcha\" data-field-id=\"3\"><label class=\"wpforms-field-label\" for=\"wpforms-5324-field_3\">Ochrona Captcha <span class=\"wpforms-required-label\">*<\/span><\/label>\t\t\t<div class=\"wpforms-captcha-math\">\n\t\t\t\t<span id=\"wpforms-5324-field_3-question\" class=\"wpforms-captcha-equation\">\n\t\t\t\t\t<span class=\"n1\">13<\/span>\n\t\t\t\t\t\t\t<span class=\"cal\">+<\/span>\n\t\t\t\t\t\t\t<span class=\"n2\">12<\/span>\t\t\t\t\t<span class=\"e\">=<\/span>\n\t\t\t\t<\/span>\n\t\t\t\t<input type=\"text\" id=\"wpforms-5324-field_3\" class=\"wpforms-field-medium wpforms-field-required a\" data-rule-wpf-captcha=\"math\" data-is-wrapped-field=\"1\" name=\"wpforms[fields][3][a]\" aria-describedby=\"wpforms-5324-field_3-question\" required>\t\t\t\t<input type=\"hidden\" name=\"wpforms[fields][3][cal]\" class=\"cal\">\n\t\t\t\t<input type=\"hidden\" name=\"wpforms[fields][3][n2]\" class=\"n2\">\n\t\t\t\t<input type=\"hidden\" name=\"wpforms[fields][3][n1]\" class=\"n1\">\n\t\t\t<\/div>\n\t\t\t<\/div><\/div><!-- .wpforms-field-container -->\r\n\t\t\t<script>\r\n\t\t\tif ( typeof huOptions !== 'undefined' ) {\r\n\t\t\t\tvar huFormData = {\"source\":\"wpforms\",\"id\":5324,\"title\":\"Formularz kontaktowy\",\"fields\":{\"subject\":{\"first_name\":\"\",\"last_name\":\"\"}}};\r\n\t\t\t\tvar huFormNode = document.querySelector( '[id=\"wpforms-5324\"] form' );\r\n\r\n\t\t\t\tvar firstName = huFormNode.querySelector( 'input.wpforms-field-name-first' );\r\n\t\t\t\tvar lastName = huFormNode.querySelector( 'input.wpforms-field-name-last' );\r\n\r\n\t\t\t\tif ( firstName )\r\n\t\t\t\t\thuFormData['fields']['subject']['first_name'] = firstName.getAttribute( 'name' );\r\n\r\n\t\t\t\tif ( lastName )\r\n\t\t\t\t\thuFormData['fields']['subject']['last_name'] = lastName.getAttribute( 'name' );\r\n\r\n\t\t\t\thuFormData['node'] = huFormNode;\r\n\t\t\t\thuOptions['forms'].push( huFormData );\r\n\t\t\t}\r\n\t\t\t<\/script><div class=\"wpforms-submit-container\" ><input type=\"hidden\" name=\"wpforms[id]\" value=\"5324\"><input type=\"hidden\" name=\"page_title\" value=\"\"><input type=\"hidden\" name=\"page_url\" value=\"https:\/\/boskapszczola.pl\/en\/wp-json\/wp\/v2\/pages\/13043\"><input type=\"hidden\" name=\"url_referer\" value=\"\"><button type=\"submit\" name=\"wpforms[submit]\" id=\"wpforms-submit-5324\" class=\"wpforms-submit btn\" data-alt-text=\"W trakcie wysy\u0142ania...\" data-submit-text=\"Wy\u015blij\" aria-live=\"assertive\" value=\"wpforms-submit\">Wy\u015blij<\/button><img decoding=\"async\" src=\"https:\/\/boskapszczola.pl\/wp-content\/plugins\/wpforms\/assets\/images\/submit-spin.svg\" class=\"wpforms-submit-spinner\" style=\"display: none;\" width=\"26\" height=\"26\" alt=\"Loading\"><\/div><\/form><\/div>  <!-- .wpforms-container -->\t\t\t\t<\/div>\n\t\t\t\t<\/div>\n\t\t\t\t\t<\/div>\n\t\t<\/div>\n\t\t\t\t\t<\/div>\n\t\t<\/section>\n\t\t\t\t<section class=\"elementor-section elementor-top-section elementor-element elementor-element-fa88dd9 elementor-section-full_width elementor-section-height-default elementor-section-height-default\" data-id=\"fa88dd9\" data-element_type=\"section\" data-e-type=\"section\">\n\t\t\t\t\t\t<div class=\"elementor-container elementor-column-gap-no\">\n\t\t\t\t\t<div class=\"elementor-column elementor-col-100 elementor-top-column elementor-element elementor-element-9e56a97\" data-id=\"9e56a97\" data-element_type=\"column\" data-e-type=\"column\">\n\t\t\t<div class=\"elementor-widget-wrap elementor-element-populated\">\n\t\t\t\t\t\t<div class=\"elementor-element elementor-element-e873c03 elementor-widget elementor-widget-google_maps\" data-id=\"e873c03\" data-element_type=\"widget\" data-e-type=\"widget\" data-widget_type=\"google_maps.default\">\n\t\t\t\t<div class=\"elementor-widget-container\">\n\t\t\t\t\t\t\t<div class=\"elementor-custom-embed\">\n\t\t\t<iframe loading=\"lazy\"\n\t\t\t\t\tsrc=\"https:\/\/maps.google.com\/maps?q=Go%C5%82%C4%99bie%2039%2C%2006-150&#038;t=m&#038;z=10&#038;output=embed&#038;iwloc=near\"\n\t\t\t\t\ttitle=\"Go\u0142\u0119bie 39, 06-150\"\n\t\t\t\t\taria-label=\"Go\u0142\u0119bie 39, 06-150\"\n\t\t\t><\/iframe>\n\t\t<\/div>\n\t\t\t\t\t\t<\/div>\n\t\t\t\t<\/div>\n\t\t\t\t\t<\/div>\n\t\t<\/div>\n\t\t\t\t\t<\/div>\n\t\t<\/section>\n\t\t\t\t<\/div>\n\t\t","protected":false},"excerpt":{"rendered":"<p>Contact Write to us, we will answer any question The details below are the company&#8217;s contact information. We do not sell cosmetics on site, so we encourage you to shop online. If you have any questions or problems, feel free to contact us via email or the form next to Divine Bee Natalia Martin, Dove [&hellip;]<\/p>\n","protected":false},"author":4,"featured_media":0,"parent":0,"menu_order":0,"comment_status":"closed","ping_status":"closed","template":"","meta":{"site-sidebar-layout":"no-sidebar","site-content-layout":"page-builder","ast-site-content-layout":"default","site-content-style":"default","site-sidebar-style":"default","ast-global-header-display":"","ast-banner-title-visibility":"","ast-main-header-display":"","ast-hfb-above-header-display":"","ast-hfb-below-header-display":"","ast-hfb-mobile-header-display":"","site-post-title":"disabled","ast-breadcrumbs-content":"","ast-featured-img":"disabled","footer-sml-layout":"","ast-disable-related-posts":"","theme-transparent-header-meta":"enabled","adv-header-id-meta":"","stick-header-meta":"","header-above-stick-meta":"","header-main-stick-meta":"","header-below-stick-meta":"","astra-migrate-meta-layouts":"default","ast-page-background-enabled":"default","ast-page-background-meta":{"desktop":{"background-color":"var(--ast-global-color-4)","background-image":"","background-repeat":"repeat","background-position":"center center","background-size":"auto","background-attachment":"scroll","background-type":"","background-media":"","overlay-type":"","overlay-color":"","overlay-opacity":"","overlay-gradient":""},"tablet":{"background-color":"","background-image":"","background-repeat":"repeat","background-position":"center center","background-size":"auto","background-attachment":"scroll","background-type":"","background-media":"","overlay-type":"","overlay-color":"","overlay-opacity":"","overlay-gradient":""},"mobile":{"background-color":"","background-image":"","background-repeat":"repeat","background-position":"center center","background-size":"auto","background-attachment":"scroll","background-type":"","background-media":"","overlay-type":"","overlay-color":"","overlay-opacity":"","overlay-gradient":""}},"ast-content-background-meta":{"desktop":{"background-color":"var(--ast-global-color-5)","background-image":"","background-repeat":"repeat","background-position":"center center","background-size":"auto","background-attachment":"scroll","background-type":"","background-media":"","overlay-type":"","overlay-color":"","overlay-opacity":"","overlay-gradient":""},"tablet":{"background-color":"var(--ast-global-color-5)","background-image":"","background-repeat":"repeat","background-position":"center center","background-size":"auto","background-attachment":"scroll","background-type":"","background-media":"","overlay-type":"","overlay-color":"","overlay-opacity":"","overlay-gradient":""},"mobile":{"background-color":"var(--ast-global-color-5)","background-image":"","background-repeat":"repeat","background-position":"center center","background-size":"auto","background-attachment":"scroll","background-type":"","background-media":"","overlay-type":"","overlay-color":"","overlay-opacity":"","overlay-gradient":""}},"footnotes":""},"class_list":["post-13043","page","type-page","status-publish","hentry"],"yoast_head":"<!-- This site is optimized with the Yoast SEO plugin v27.3 - https:\/\/yoast.com\/product\/yoast-seo-wordpress\/ -->\n<title>Contact - 100% naturalne, ro\u015blinne kosmetyki z \u0142\u0105k i zi\u00f3\u0142<\/title>\n<meta name=\"description\" content=\"Drop in for a massage for a dose of vitality and energy from the sun, wild meadows and nature. Write or call boldly.\" \/>\n<meta name=\"robots\" content=\"index, follow, max-snippet:-1, max-image-preview:large, max-video-preview:-1\" \/>\n<link rel=\"canonical\" href=\"https:\/\/boskapszczola.pl\/en\/contact\/\" \/>\n<meta property=\"og:locale\" content=\"en_US\" \/>\n<meta property=\"og:type\" content=\"article\" \/>\n<meta property=\"og:title\" content=\"Contact - 100% naturalne, ro\u015blinne kosmetyki z \u0142\u0105k i zi\u00f3\u0142\" \/>\n<meta property=\"og:description\" content=\"Drop in for a massage for a dose of vitality and energy from the sun, wild meadows and nature. Write or call boldly.\" \/>\n<meta property=\"og:url\" content=\"https:\/\/boskapszczola.pl\/en\/contact\/\" \/>\n<meta property=\"og:site_name\" content=\"100% naturalne, ro\u015blinne kosmetyki z \u0142\u0105k i zi\u00f3\u0142\" \/>\n<meta property=\"article:modified_time\" content=\"2025-02-17T15:56:49+00:00\" \/>\n<meta property=\"og:image\" content=\"https:\/\/boskapszczola.pl\/wp-content\/plugins\/wpforms\/assets\/images\/submit-spin.svg\" \/>\n<meta name=\"twitter:card\" content=\"summary_large_image\" \/>\n<script type=\"application\/ld+json\" class=\"yoast-schema-graph\">{\"@context\":\"https:\\\/\\\/schema.org\",\"@graph\":[{\"@type\":\"WebPage\",\"@id\":\"https:\\\/\\\/boskapszczola.pl\\\/en\\\/contact\\\/\",\"url\":\"https:\\\/\\\/boskapszczola.pl\\\/en\\\/contact\\\/\",\"name\":\"Contact - 100% naturalne, ro\u015blinne kosmetyki z \u0142\u0105k i zi\u00f3\u0142\",\"isPartOf\":{\"@id\":\"https:\\\/\\\/boskapszczola.pl\\\/#website\"},\"primaryImageOfPage\":{\"@id\":\"https:\\\/\\\/boskapszczola.pl\\\/en\\\/contact\\\/#primaryimage\"},\"image\":{\"@id\":\"https:\\\/\\\/boskapszczola.pl\\\/en\\\/contact\\\/#primaryimage\"},\"thumbnailUrl\":\"https:\\\/\\\/boskapszczola.pl\\\/wp-content\\\/plugins\\\/wpforms\\\/assets\\\/images\\\/submit-spin.svg\",\"datePublished\":\"2022-08-03T11:42:18+00:00\",\"dateModified\":\"2025-02-17T15:56:49+00:00\",\"description\":\"Drop in for a massage for a dose of vitality and energy from the sun, wild meadows and nature. Write or call boldly.\",\"breadcrumb\":{\"@id\":\"https:\\\/\\\/boskapszczola.pl\\\/en\\\/contact\\\/#breadcrumb\"},\"inLanguage\":\"en-US\",\"potentialAction\":[{\"@type\":\"ReadAction\",\"target\":[\"https:\\\/\\\/boskapszczola.pl\\\/en\\\/contact\\\/\"]}]},{\"@type\":\"ImageObject\",\"inLanguage\":\"en-US\",\"@id\":\"https:\\\/\\\/boskapszczola.pl\\\/en\\\/contact\\\/#primaryimage\",\"url\":\"https:\\\/\\\/boskapszczola.pl\\\/wp-content\\\/plugins\\\/wpforms\\\/assets\\\/images\\\/submit-spin.svg\",\"contentUrl\":\"https:\\\/\\\/boskapszczola.pl\\\/wp-content\\\/plugins\\\/wpforms\\\/assets\\\/images\\\/submit-spin.svg\"},{\"@type\":\"BreadcrumbList\",\"@id\":\"https:\\\/\\\/boskapszczola.pl\\\/en\\\/contact\\\/#breadcrumb\",\"itemListElement\":[{\"@type\":\"ListItem\",\"position\":1,\"name\":\"Strona g\u0142\u00f3wna\",\"item\":\"https:\\\/\\\/boskapszczola.pl\\\/en\\\/plant-based-skincare-from-herbs-flowers\\\/\"},{\"@type\":\"ListItem\",\"position\":2,\"name\":\"Contact\"}]},{\"@type\":\"WebSite\",\"@id\":\"https:\\\/\\\/boskapszczola.pl\\\/#website\",\"url\":\"https:\\\/\\\/boskapszczola.pl\\\/\",\"name\":\"100% naturalne, ro\u015blinne kosmetyki z \u0142\u0105k i zi\u00f3\u0142\",\"description\":\"\u015awie\u017co ukr\u0119cone kosmetyki z dzikiej \u0142\u0105ki\",\"publisher\":{\"@id\":\"https:\\\/\\\/boskapszczola.pl\\\/#organization\"},\"potentialAction\":[{\"@type\":\"SearchAction\",\"target\":{\"@type\":\"EntryPoint\",\"urlTemplate\":\"https:\\\/\\\/boskapszczola.pl\\\/?s={search_term_string}\"},\"query-input\":{\"@type\":\"PropertyValueSpecification\",\"valueRequired\":true,\"valueName\":\"search_term_string\"}}],\"inLanguage\":\"en-US\"},{\"@type\":\"Organization\",\"@id\":\"https:\\\/\\\/boskapszczola.pl\\\/#organization\",\"name\":\"100% naturalne, ro\u015blinne kosmetyki z \u0142\u0105k i zi\u00f3\u0142\",\"url\":\"https:\\\/\\\/boskapszczola.pl\\\/\",\"logo\":{\"@type\":\"ImageObject\",\"inLanguage\":\"en-US\",\"@id\":\"https:\\\/\\\/boskapszczola.pl\\\/#\\\/schema\\\/logo\\\/image\\\/\",\"url\":\"https:\\\/\\\/boskapszczola.pl\\\/wp-content\\\/uploads\\\/2018\\\/07\\\/cropped-cropped-logo_2.png\",\"contentUrl\":\"https:\\\/\\\/boskapszczola.pl\\\/wp-content\\\/uploads\\\/2018\\\/07\\\/cropped-cropped-logo_2.png\",\"width\":414,\"height\":194,\"caption\":\"100% naturalne, ro\u015blinne kosmetyki z \u0142\u0105k i zi\u00f3\u0142\"},\"image\":{\"@id\":\"https:\\\/\\\/boskapszczola.pl\\\/#\\\/schema\\\/logo\\\/image\\\/\"}}]}<\/script>\n<!-- \/ Yoast SEO plugin. -->","yoast_head_json":{"title":"Contact - 100% naturalne, ro\u015blinne kosmetyki z \u0142\u0105k i zi\u00f3\u0142","description":"Drop in for a massage for a dose of vitality and energy from the sun, wild meadows and nature. Write or call boldly.","robots":{"index":"index","follow":"follow","max-snippet":"max-snippet:-1","max-image-preview":"max-image-preview:large","max-video-preview":"max-video-preview:-1"},"canonical":"https:\/\/boskapszczola.pl\/en\/contact\/","og_locale":"en_US","og_type":"article","og_title":"Contact - 100% naturalne, ro\u015blinne kosmetyki z \u0142\u0105k i zi\u00f3\u0142","og_description":"Drop in for a massage for a dose of vitality and energy from the sun, wild meadows and nature. Write or call boldly.","og_url":"https:\/\/boskapszczola.pl\/en\/contact\/","og_site_name":"100% naturalne, ro\u015blinne kosmetyki z \u0142\u0105k i zi\u00f3\u0142","article_modified_time":"2025-02-17T15:56:49+00:00","og_image":[{"url":"https:\/\/boskapszczola.pl\/wp-content\/plugins\/wpforms\/assets\/images\/submit-spin.svg","type":"","width":"","height":""}],"twitter_card":"summary_large_image","schema":{"@context":"https:\/\/schema.org","@graph":[{"@type":"WebPage","@id":"https:\/\/boskapszczola.pl\/en\/contact\/","url":"https:\/\/boskapszczola.pl\/en\/contact\/","name":"Contact - 100% naturalne, ro\u015blinne kosmetyki z \u0142\u0105k i zi\u00f3\u0142","isPartOf":{"@id":"https:\/\/boskapszczola.pl\/#website"},"primaryImageOfPage":{"@id":"https:\/\/boskapszczola.pl\/en\/contact\/#primaryimage"},"image":{"@id":"https:\/\/boskapszczola.pl\/en\/contact\/#primaryimage"},"thumbnailUrl":"https:\/\/boskapszczola.pl\/wp-content\/plugins\/wpforms\/assets\/images\/submit-spin.svg","datePublished":"2022-08-03T11:42:18+00:00","dateModified":"2025-02-17T15:56:49+00:00","description":"Drop in for a massage for a dose of vitality and energy from the sun, wild meadows and nature. Write or call boldly.","breadcrumb":{"@id":"https:\/\/boskapszczola.pl\/en\/contact\/#breadcrumb"},"inLanguage":"en-US","potentialAction":[{"@type":"ReadAction","target":["https:\/\/boskapszczola.pl\/en\/contact\/"]}]},{"@type":"ImageObject","inLanguage":"en-US","@id":"https:\/\/boskapszczola.pl\/en\/contact\/#primaryimage","url":"https:\/\/boskapszczola.pl\/wp-content\/plugins\/wpforms\/assets\/images\/submit-spin.svg","contentUrl":"https:\/\/boskapszczola.pl\/wp-content\/plugins\/wpforms\/assets\/images\/submit-spin.svg"},{"@type":"BreadcrumbList","@id":"https:\/\/boskapszczola.pl\/en\/contact\/#breadcrumb","itemListElement":[{"@type":"ListItem","position":1,"name":"Strona g\u0142\u00f3wna","item":"https:\/\/boskapszczola.pl\/en\/plant-based-skincare-from-herbs-flowers\/"},{"@type":"ListItem","position":2,"name":"Contact"}]},{"@type":"WebSite","@id":"https:\/\/boskapszczola.pl\/#website","url":"https:\/\/boskapszczola.pl\/","name":"100% naturalne, ro\u015blinne kosmetyki z \u0142\u0105k i zi\u00f3\u0142","description":"\u015awie\u017co ukr\u0119cone kosmetyki z dzikiej \u0142\u0105ki","publisher":{"@id":"https:\/\/boskapszczola.pl\/#organization"},"potentialAction":[{"@type":"SearchAction","target":{"@type":"EntryPoint","urlTemplate":"https:\/\/boskapszczola.pl\/?s={search_term_string}"},"query-input":{"@type":"PropertyValueSpecification","valueRequired":true,"valueName":"search_term_string"}}],"inLanguage":"en-US"},{"@type":"Organization","@id":"https:\/\/boskapszczola.pl\/#organization","name":"100% naturalne, ro\u015blinne kosmetyki z \u0142\u0105k i zi\u00f3\u0142","url":"https:\/\/boskapszczola.pl\/","logo":{"@type":"ImageObject","inLanguage":"en-US","@id":"https:\/\/boskapszczola.pl\/#\/schema\/logo\/image\/","url":"https:\/\/boskapszczola.pl\/wp-content\/uploads\/2018\/07\/cropped-cropped-logo_2.png","contentUrl":"https:\/\/boskapszczola.pl\/wp-content\/uploads\/2018\/07\/cropped-cropped-logo_2.png","width":414,"height":194,"caption":"100% naturalne, ro\u015blinne kosmetyki z \u0142\u0105k i zi\u00f3\u0142"},"image":{"@id":"https:\/\/boskapszczola.pl\/#\/schema\/logo\/image\/"}}]}},"_links":{"self":[{"href":"https:\/\/boskapszczola.pl\/en\/wp-json\/wp\/v2\/pages\/13043","targetHints":{"allow":["GET"]}}],"collection":[{"href":"https:\/\/boskapszczola.pl\/en\/wp-json\/wp\/v2\/pages"}],"about":[{"href":"https:\/\/boskapszczola.pl\/en\/wp-json\/wp\/v2\/types\/page"}],"author":[{"embeddable":true,"href":"https:\/\/boskapszczola.pl\/en\/wp-json\/wp\/v2\/users\/4"}],"replies":[{"embeddable":true,"href":"https:\/\/boskapszczola.pl\/en\/wp-json\/wp\/v2\/comments?post=13043"}],"version-history":[{"count":3,"href":"https:\/\/boskapszczola.pl\/en\/wp-json\/wp\/v2\/pages\/13043\/revisions"}],"predecessor-version":[{"id":13081,"href":"https:\/\/boskapszczola.pl\/en\/wp-json\/wp\/v2\/pages\/13043\/revisions\/13081"}],"wp:attachment":[{"href":"https:\/\/boskapszczola.pl\/en\/wp-json\/wp\/v2\/media?parent=13043"}],"curies":[{"name":"wp","href":"https:\/\/api.w.org\/{rel}","templated":true}]}}