{"id":13047,"date":"2022-08-03T13:22:46","date_gmt":"2022-08-03T11:22:46","guid":{"rendered":"https:\/\/boskapszczola.pl\/my-account\/"},"modified":"2022-08-03T13:22:46","modified_gmt":"2022-08-03T11:22:46","slug":"my-account","status":"publish","type":"page","link":"https:\/\/boskapszczola.pl\/en\/my-account\/","title":{"rendered":"My Account"},"content":{"rendered":"<div class=\"woocommerce\"><\/div>\n","protected":false},"excerpt":{"rendered":"","protected":false},"author":4,"featured_media":0,"parent":0,"menu_order":0,"comment_status":"closed","ping_status":"closed","template":"","meta":{"site-sidebar-layout":"default","site-content-layout":"","ast-site-content-layout":"default","site-content-style":"default","site-sidebar-style":"default","ast-global-header-display":"","ast-banner-title-visibility":"","ast-main-header-display":"","ast-hfb-above-header-display":"","ast-hfb-below-header-display":"","ast-hfb-mobile-header-display":"","site-post-title":"","ast-breadcrumbs-content":"","ast-featured-img":"","footer-sml-layout":"","ast-disable-related-posts":"","theme-transparent-header-meta":"","adv-header-id-meta":"","stick-header-meta":"","header-above-stick-meta":"","header-main-stick-meta":"","header-below-stick-meta":"","astra-migrate-meta-layouts":"default","ast-page-background-enabled":"default","ast-page-background-meta":{"desktop":{"background-color":"var(--ast-global-color-4)","background-image":"","background-repeat":"repeat","background-position":"center center","background-size":"auto","background-attachment":"scroll","background-type":"","background-media":"","overlay-type":"","overlay-color":"","overlay-opacity":"","overlay-gradient":""},"tablet":{"background-color":"","background-image":"","background-repeat":"repeat","background-position":"center center","background-size":"auto","background-attachment":"scroll","background-type":"","background-media":"","overlay-type":"","overlay-color":"","overlay-opacity":"","overlay-gradient":""},"mobile":{"background-color":"","background-image":"","background-repeat":"repeat","background-position":"center center","background-size":"auto","background-attachment":"scroll","background-type":"","background-media":"","overlay-type":"","overlay-color":"","overlay-opacity":"","overlay-gradient":""}},"ast-content-background-meta":{"desktop":{"background-color":"var(--ast-global-color-5)","background-image":"","background-repeat":"repeat","background-position":"center center","background-size":"auto","background-attachment":"scroll","background-type":"","background-media":"","overlay-type":"","overlay-color":"","overlay-opacity":"","overlay-gradient":""},"tablet":{"background-color":"var(--ast-global-color-5)","background-image":"","background-repeat":"repeat","background-position":"center center","background-size":"auto","background-attachment":"scroll","background-type":"","background-media":"","overlay-type":"","overlay-color":"","overlay-opacity":"","overlay-gradient":""},"mobile":{"background-color":"var(--ast-global-color-5)","background-image":"","background-repeat":"repeat","background-position":"center center","background-size":"auto","background-attachment":"scroll","background-type":"","background-media":"","overlay-type":"","overlay-color":"","overlay-opacity":"","overlay-gradient":""}},"footnotes":""},"class_list":["post-13047","page","type-page","status-publish","hentry"],"yoast_head":"<!-- This site is optimized with the Yoast SEO plugin v27.3 - https:\/\/yoast.com\/product\/yoast-seo-wordpress\/ -->\n<title>My Account - 100% naturalne, ro\u015blinne kosmetyki z \u0142\u0105k i zi\u00f3\u0142<\/title>\n<meta name=\"robots\" content=\"index, follow, max-snippet:-1, max-image-preview:large, max-video-preview:-1\" \/>\n<link rel=\"canonical\" href=\"https:\/\/boskapszczola.pl\/my-account\/\" \/>\n<meta property=\"og:locale\" content=\"en_US\" \/>\n<meta property=\"og:type\" content=\"article\" \/>\n<meta property=\"og:title\" content=\"My Account - 100% naturalne, ro\u015blinne kosmetyki z \u0142\u0105k i zi\u00f3\u0142\" \/>\n<meta property=\"og:url\" content=\"https:\/\/boskapszczola.pl\/my-account\/\" \/>\n<meta property=\"og:site_name\" content=\"100% naturalne, ro\u015blinne kosmetyki z \u0142\u0105k i zi\u00f3\u0142\" \/>\n<meta name=\"twitter:card\" content=\"summary_large_image\" \/>\n<script type=\"application\/ld+json\" class=\"yoast-schema-graph\">{\"@context\":\"https:\\\/\\\/schema.org\",\"@graph\":[{\"@type\":\"WebPage\",\"@id\":\"https:\\\/\\\/boskapszczola.pl\\\/my-account\\\/\",\"url\":\"https:\\\/\\\/boskapszczola.pl\\\/my-account\\\/\",\"name\":\"My Account - 100% naturalne, ro\u015blinne kosmetyki z \u0142\u0105k i zi\u00f3\u0142\",\"isPartOf\":{\"@id\":\"https:\\\/\\\/boskapszczola.pl\\\/#website\"},\"datePublished\":\"2022-08-03T11:22:46+00:00\",\"breadcrumb\":{\"@id\":\"https:\\\/\\\/boskapszczola.pl\\\/my-account\\\/#breadcrumb\"},\"inLanguage\":\"en-US\",\"potentialAction\":[{\"@type\":\"ReadAction\",\"target\":[\"https:\\\/\\\/boskapszczola.pl\\\/my-account\\\/\"]}]},{\"@type\":\"BreadcrumbList\",\"@id\":\"https:\\\/\\\/boskapszczola.pl\\\/my-account\\\/#breadcrumb\",\"itemListElement\":[{\"@type\":\"ListItem\",\"position\":1,\"name\":\"Strona g\u0142\u00f3wna\",\"item\":\"https:\\\/\\\/boskapszczola.pl\\\/en\\\/plant-based-skincare-from-herbs-flowers\\\/\"},{\"@type\":\"ListItem\",\"position\":2,\"name\":\"My Account\"}]},{\"@type\":\"WebSite\",\"@id\":\"https:\\\/\\\/boskapszczola.pl\\\/#website\",\"url\":\"https:\\\/\\\/boskapszczola.pl\\\/\",\"name\":\"100% naturalne, ro\u015blinne kosmetyki z \u0142\u0105k i zi\u00f3\u0142\",\"description\":\"\u015awie\u017co ukr\u0119cone kosmetyki z dzikiej \u0142\u0105ki\",\"publisher\":{\"@id\":\"https:\\\/\\\/boskapszczola.pl\\\/#organization\"},\"potentialAction\":[{\"@type\":\"SearchAction\",\"target\":{\"@type\":\"EntryPoint\",\"urlTemplate\":\"https:\\\/\\\/boskapszczola.pl\\\/?s={search_term_string}\"},\"query-input\":{\"@type\":\"PropertyValueSpecification\",\"valueRequired\":true,\"valueName\":\"search_term_string\"}}],\"inLanguage\":\"en-US\"},{\"@type\":\"Organization\",\"@id\":\"https:\\\/\\\/boskapszczola.pl\\\/#organization\",\"name\":\"100% naturalne, ro\u015blinne kosmetyki z \u0142\u0105k i zi\u00f3\u0142\",\"url\":\"https:\\\/\\\/boskapszczola.pl\\\/\",\"logo\":{\"@type\":\"ImageObject\",\"inLanguage\":\"en-US\",\"@id\":\"https:\\\/\\\/boskapszczola.pl\\\/#\\\/schema\\\/logo\\\/image\\\/\",\"url\":\"https:\\\/\\\/boskapszczola.pl\\\/wp-content\\\/uploads\\\/2018\\\/07\\\/cropped-cropped-logo_2.png\",\"contentUrl\":\"https:\\\/\\\/boskapszczola.pl\\\/wp-content\\\/uploads\\\/2018\\\/07\\\/cropped-cropped-logo_2.png\",\"width\":414,\"height\":194,\"caption\":\"100% naturalne, ro\u015blinne kosmetyki z \u0142\u0105k i zi\u00f3\u0142\"},\"image\":{\"@id\":\"https:\\\/\\\/boskapszczola.pl\\\/#\\\/schema\\\/logo\\\/image\\\/\"}}]}<\/script>\n<!-- \/ Yoast SEO plugin. -->","yoast_head_json":{"title":"My Account - 100% naturalne, ro\u015blinne kosmetyki z \u0142\u0105k i zi\u00f3\u0142","robots":{"index":"index","follow":"follow","max-snippet":"max-snippet:-1","max-image-preview":"max-image-preview:large","max-video-preview":"max-video-preview:-1"},"canonical":"https:\/\/boskapszczola.pl\/my-account\/","og_locale":"en_US","og_type":"article","og_title":"My Account - 100% naturalne, ro\u015blinne kosmetyki z \u0142\u0105k i zi\u00f3\u0142","og_url":"https:\/\/boskapszczola.pl\/my-account\/","og_site_name":"100% naturalne, ro\u015blinne kosmetyki z \u0142\u0105k i zi\u00f3\u0142","twitter_card":"summary_large_image","schema":{"@context":"https:\/\/schema.org","@graph":[{"@type":"WebPage","@id":"https:\/\/boskapszczola.pl\/my-account\/","url":"https:\/\/boskapszczola.pl\/my-account\/","name":"My Account - 100% naturalne, ro\u015blinne kosmetyki z \u0142\u0105k i zi\u00f3\u0142","isPartOf":{"@id":"https:\/\/boskapszczola.pl\/#website"},"datePublished":"2022-08-03T11:22:46+00:00","breadcrumb":{"@id":"https:\/\/boskapszczola.pl\/my-account\/#breadcrumb"},"inLanguage":"en-US","potentialAction":[{"@type":"ReadAction","target":["https:\/\/boskapszczola.pl\/my-account\/"]}]},{"@type":"BreadcrumbList","@id":"https:\/\/boskapszczola.pl\/my-account\/#breadcrumb","itemListElement":[{"@type":"ListItem","position":1,"name":"Strona g\u0142\u00f3wna","item":"https:\/\/boskapszczola.pl\/en\/plant-based-skincare-from-herbs-flowers\/"},{"@type":"ListItem","position":2,"name":"My Account"}]},{"@type":"WebSite","@id":"https:\/\/boskapszczola.pl\/#website","url":"https:\/\/boskapszczola.pl\/","name":"100% naturalne, ro\u015blinne kosmetyki z \u0142\u0105k i zi\u00f3\u0142","description":"\u015awie\u017co ukr\u0119cone kosmetyki z dzikiej \u0142\u0105ki","publisher":{"@id":"https:\/\/boskapszczola.pl\/#organization"},"potentialAction":[{"@type":"SearchAction","target":{"@type":"EntryPoint","urlTemplate":"https:\/\/boskapszczola.pl\/?s={search_term_string}"},"query-input":{"@type":"PropertyValueSpecification","valueRequired":true,"valueName":"search_term_string"}}],"inLanguage":"en-US"},{"@type":"Organization","@id":"https:\/\/boskapszczola.pl\/#organization","name":"100% naturalne, ro\u015blinne kosmetyki z \u0142\u0105k i zi\u00f3\u0142","url":"https:\/\/boskapszczola.pl\/","logo":{"@type":"ImageObject","inLanguage":"en-US","@id":"https:\/\/boskapszczola.pl\/#\/schema\/logo\/image\/","url":"https:\/\/boskapszczola.pl\/wp-content\/uploads\/2018\/07\/cropped-cropped-logo_2.png","contentUrl":"https:\/\/boskapszczola.pl\/wp-content\/uploads\/2018\/07\/cropped-cropped-logo_2.png","width":414,"height":194,"caption":"100% naturalne, ro\u015blinne kosmetyki z \u0142\u0105k i zi\u00f3\u0142"},"image":{"@id":"https:\/\/boskapszczola.pl\/#\/schema\/logo\/image\/"}}]}},"_links":{"self":[{"href":"https:\/\/boskapszczola.pl\/en\/wp-json\/wp\/v2\/pages\/13047","targetHints":{"allow":["GET"]}}],"collection":[{"href":"https:\/\/boskapszczola.pl\/en\/wp-json\/wp\/v2\/pages"}],"about":[{"href":"https:\/\/boskapszczola.pl\/en\/wp-json\/wp\/v2\/types\/page"}],"author":[{"embeddable":true,"href":"https:\/\/boskapszczola.pl\/en\/wp-json\/wp\/v2\/users\/4"}],"replies":[{"embeddable":true,"href":"https:\/\/boskapszczola.pl\/en\/wp-json\/wp\/v2\/comments?post=13047"}],"version-history":[{"count":0,"href":"https:\/\/boskapszczola.pl\/en\/wp-json\/wp\/v2\/pages\/13047\/revisions"}],"wp:attachment":[{"href":"https:\/\/boskapszczola.pl\/en\/wp-json\/wp\/v2\/media?parent=13047"}],"curies":[{"name":"wp","href":"https:\/\/api.w.org\/{rel}","templated":true}]}}