{"id":13120,"date":"2024-03-06T14:16:24","date_gmt":"2024-03-06T13:16:24","guid":{"rendered":"https:\/\/boskapszczola.pl\/produkt\/sample-of-berry-serum-with-bacchio-2-gr\/"},"modified":"2026-02-24T19:08:01","modified_gmt":"2026-02-24T18:08:01","slug":"sample-of-berry-serum-with-bacchio-2-gr","status":"publish","type":"product","link":"https:\/\/boskapszczola.pl\/en\/produkt\/sample-of-berry-serum-with-bacchio-2-gr\/","title":{"rendered":"SAMPLE of berry serum with bacchio &#8211; 2 gr"},"content":{"rendered":"","protected":false},"excerpt":{"rendered":"<p>&nbsp;<\/p>\n<p><strong><span style=\"color: #ff00ff;\">100% natural<span style=\"color: #000000;\"> &#8211;<\/span> <span style=\"color: #3366ff;\">78% raw <span style=\"color: #000000;\"> &#8211;<\/span><\/span><\/span> <span style=\"color: #339966;\">75% wild harvested<\/span><\/strong><\/p>\n<p>Youth Nectar is a nourishing serum for wrinkles and skin conditions with proven results \u263c can replace or enhance cream \u263c IMPORTANT: the sample has a much shorter shelf life than the full-size version \u263c valid for only 1 month \u263c enough for 5-7 days of use, once a day \u263c just be careful not to let water get into the glass jar<\/p>\n<p>\u261e <a href=\"https:\/\/boskapszczola.pl\/wp-content\/uploads\/2024\/03\/INCI.png\">fresh, raw <strong>INCI<\/strong> composition<\/a><br \/>\n\u261e for more information: <a href=\"https:\/\/boskapszczola.pl\/produkt\/youth-nectar\/\" target=\"_blank\" rel=\"noopener\">click here <\/a> <\/p>\n<p><img decoding=\"async\" class=\"alignnone wp-image-9987\" src=\"https:\/\/boskapszczola.pl\/wp-content\/uploads\/2023\/11\/5-150x150.png\" alt=\"\" width=\"70\" height=\"70\" srcset=\"https:\/\/boskapszczola.pl\/wp-content\/uploads\/2023\/11\/5-150x150.png 150w, https:\/\/boskapszczola.pl\/wp-content\/uploads\/2023\/11\/5-300x300.png 300w, https:\/\/boskapszczola.pl\/wp-content\/uploads\/2023\/11\/5-1024x1024.png 1024w, https:\/\/boskapszczola.pl\/wp-content\/uploads\/2023\/11\/5-768x768.png 768w, https:\/\/boskapszczola.pl\/wp-content\/uploads\/2023\/11\/5-600x600.png 600w, https:\/\/boskapszczola.pl\/wp-content\/uploads\/2023\/11\/5-100x100.png 100w, https:\/\/boskapszczola.pl\/wp-content\/uploads\/2023\/11\/5.png 1200w\" sizes=\"(max-width: 70px) 100vw, 70px\" \/><img decoding=\"async\" class=\"alignnone wp-image-9984\" src=\"https:\/\/boskapszczola.pl\/wp-content\/uploads\/2023\/11\/2-150x150.png\" alt=\"\" width=\"70\" height=\"70\" srcset=\"https:\/\/boskapszczola.pl\/wp-content\/uploads\/2023\/11\/2-150x150.png 150w, https:\/\/boskapszczola.pl\/wp-content\/uploads\/2023\/11\/2-300x300.png 300w, https:\/\/boskapszczola.pl\/wp-content\/uploads\/2023\/11\/2-1024x1024.png 1024w, https:\/\/boskapszczola.pl\/wp-content\/uploads\/2023\/11\/2-768x768.png 768w, https:\/\/boskapszczola.pl\/wp-content\/uploads\/2023\/11\/2-600x600.png 600w, https:\/\/boskapszczola.pl\/wp-content\/uploads\/2023\/11\/2-100x100.png 100w, https:\/\/boskapszczola.pl\/wp-content\/uploads\/2023\/11\/2.png 1200w\" sizes=\"(max-width: 70px) 100vw, 70px\" \/><img decoding=\"async\" class=\"alignnone wp-image-9983\" src=\"https:\/\/boskapszczola.pl\/wp-content\/uploads\/2023\/11\/1-150x150.png\" alt=\"\" width=\"70\" height=\"70\" srcset=\"https:\/\/boskapszczola.pl\/wp-content\/uploads\/2023\/11\/1-150x150.png 150w, https:\/\/boskapszczola.pl\/wp-content\/uploads\/2023\/11\/1-300x300.png 300w, https:\/\/boskapszczola.pl\/wp-content\/uploads\/2023\/11\/1-1024x1024.png 1024w, https:\/\/boskapszczola.pl\/wp-content\/uploads\/2023\/11\/1-768x768.png 768w, https:\/\/boskapszczola.pl\/wp-content\/uploads\/2023\/11\/1-600x600.png 600w, https:\/\/boskapszczola.pl\/wp-content\/uploads\/2023\/11\/1-100x100.png 100w, https:\/\/boskapszczola.pl\/wp-content\/uploads\/2023\/11\/1.png 1200w\" sizes=\"(max-width: 70px) 100vw, 70px\" \/> <img loading=\"lazy\" decoding=\"async\" class=\"alignnone wp-image-9985\" src=\"https:\/\/boskapszczola.pl\/wp-content\/uploads\/2023\/11\/3-150x150.png\" alt=\"\" width=\"70\" height=\"70\" srcset=\"https:\/\/boskapszczola.pl\/wp-content\/uploads\/2023\/11\/3-150x150.png 150w, https:\/\/boskapszczola.pl\/wp-content\/uploads\/2023\/11\/3-300x300.png 300w, https:\/\/boskapszczola.pl\/wp-content\/uploads\/2023\/11\/3-1024x1024.png 1024w, https:\/\/boskapszczola.pl\/wp-content\/uploads\/2023\/11\/3-768x768.png 768w, https:\/\/boskapszczola.pl\/wp-content\/uploads\/2023\/11\/3-600x600.png 600w, https:\/\/boskapszczola.pl\/wp-content\/uploads\/2023\/11\/3-100x100.png 100w, https:\/\/boskapszczola.pl\/wp-content\/uploads\/2023\/11\/3.png 1200w\" sizes=\"(max-width: 70px) 100vw, 70px\" \/> <img loading=\"lazy\" decoding=\"async\" class=\"alignnone wp-image-9986\" src=\"https:\/\/boskapszczola.pl\/wp-content\/uploads\/2023\/11\/4-150x150.png\" alt=\"\" width=\"70\" height=\"70\" srcset=\"https:\/\/boskapszczola.pl\/wp-content\/uploads\/2023\/11\/4-150x150.png 150w, https:\/\/boskapszczola.pl\/wp-content\/uploads\/2023\/11\/4-300x300.png 300w, https:\/\/boskapszczola.pl\/wp-content\/uploads\/2023\/11\/4-1024x1024.png 1024w, https:\/\/boskapszczola.pl\/wp-content\/uploads\/2023\/11\/4-768x768.png 768w, https:\/\/boskapszczola.pl\/wp-content\/uploads\/2023\/11\/4-600x600.png 600w, https:\/\/boskapszczola.pl\/wp-content\/uploads\/2023\/11\/4-100x100.png 100w, https:\/\/boskapszczola.pl\/wp-content\/uploads\/2023\/11\/4.png 1200w\" sizes=\"(max-width: 70px) 100vw, 70px\" \/> <img loading=\"lazy\" decoding=\"async\" class=\"alignnone wp-image-9988\" src=\"https:\/\/boskapszczola.pl\/wp-content\/uploads\/2023\/11\/6-150x150.png\" alt=\"\" width=\"70\" height=\"70\" srcset=\"https:\/\/boskapszczola.pl\/wp-content\/uploads\/2023\/11\/6-150x150.png 150w, https:\/\/boskapszczola.pl\/wp-content\/uploads\/2023\/11\/6-300x300.png 300w, https:\/\/boskapszczola.pl\/wp-content\/uploads\/2023\/11\/6-1024x1024.png 1024w, https:\/\/boskapszczola.pl\/wp-content\/uploads\/2023\/11\/6-768x768.png 768w, https:\/\/boskapszczola.pl\/wp-content\/uploads\/2023\/11\/6-600x600.png 600w, https:\/\/boskapszczola.pl\/wp-content\/uploads\/2023\/11\/6-100x100.png 100w, https:\/\/boskapszczola.pl\/wp-content\/uploads\/2023\/11\/6.png 1200w\" sizes=\"(max-width: 70px) 100vw, 70px\" \/> <img loading=\"lazy\" decoding=\"async\" class=\"alignnone wp-image-9989\" src=\"https:\/\/boskapszczola.pl\/wp-content\/uploads\/2023\/11\/7-150x150.png\" alt=\"\" width=\"70\" height=\"70\" srcset=\"https:\/\/boskapszczola.pl\/wp-content\/uploads\/2023\/11\/7-150x150.png 150w, https:\/\/boskapszczola.pl\/wp-content\/uploads\/2023\/11\/7-300x300.png 300w, https:\/\/boskapszczola.pl\/wp-content\/uploads\/2023\/11\/7-1024x1024.png 1024w, https:\/\/boskapszczola.pl\/wp-content\/uploads\/2023\/11\/7-768x768.png 768w, https:\/\/boskapszczola.pl\/wp-content\/uploads\/2023\/11\/7-600x600.png 600w, https:\/\/boskapszczola.pl\/wp-content\/uploads\/2023\/11\/7-100x100.png 100w, https:\/\/boskapszczola.pl\/wp-content\/uploads\/2023\/11\/7.png 1200w\" sizes=\"(max-width: 70px) 100vw, 70px\" \/><\/p>\n","protected":false},"featured_media":12965,"comment_status":"open","ping_status":"closed","template":"","meta":{"site-sidebar-layout":"default","site-content-layout":"default","ast-site-content-layout":"default","site-content-style":"default","site-sidebar-style":"default","ast-global-header-display":"","ast-banner-title-visibility":"","ast-main-header-display":"","ast-hfb-above-header-display":"","ast-hfb-below-header-display":"","ast-hfb-mobile-header-display":"","site-post-title":"disabled","ast-breadcrumbs-content":"","ast-featured-img":"disabled","footer-sml-layout":"","ast-disable-related-posts":"","theme-transparent-header-meta":"default","adv-header-id-meta":"","stick-header-meta":"","header-above-stick-meta":"","header-main-stick-meta":"","header-below-stick-meta":"","astra-migrate-meta-layouts":"default","ast-page-background-enabled":"default","ast-page-background-meta":{"desktop":{"background-color":"var(--ast-global-color-4)","background-image":"","background-repeat":"repeat","background-position":"center center","background-size":"auto","background-attachment":"scroll","background-type":"","background-media":"","overlay-type":"","overlay-color":"","overlay-opacity":"","overlay-gradient":""},"tablet":{"background-color":"","background-image":"","background-repeat":"repeat","background-position":"center center","background-size":"auto","background-attachment":"scroll","background-type":"","background-media":"","overlay-type":"","overlay-color":"","overlay-opacity":"","overlay-gradient":""},"mobile":{"background-color":"","background-image":"","background-repeat":"repeat","background-position":"center center","background-size":"auto","background-attachment":"scroll","background-type":"","background-media":"","overlay-type":"","overlay-color":"","overlay-opacity":"","overlay-gradient":""}},"ast-content-background-meta":{"desktop":{"background-color":"var(--ast-global-color-5)","background-image":"","background-repeat":"repeat","background-position":"center center","background-size":"auto","background-attachment":"scroll","background-type":"","background-media":"","overlay-type":"","overlay-color":"","overlay-opacity":"","overlay-gradient":""},"tablet":{"background-color":"var(--ast-global-color-5)","background-image":"","background-repeat":"repeat","background-position":"center center","background-size":"auto","background-attachment":"scroll","background-type":"","background-media":"","overlay-type":"","overlay-color":"","overlay-opacity":"","overlay-gradient":""},"mobile":{"background-color":"var(--ast-global-color-5)","background-image":"","background-repeat":"repeat","background-position":"center center","background-size":"auto","background-attachment":"scroll","background-type":"","background-media":"","overlay-type":"","overlay-color":"","overlay-opacity":"","overlay-gradient":""}}},"product_brand":[],"product_cat":[180],"product_tag":[188,187,189],"class_list":{"0":"post-13120","1":"product","2":"type-product","3":"status-publish","4":"has-post-thumbnail","6":"product_cat-natural-cosmetics","7":"product_tag-face-wash","8":"product_tag-preservative-free","9":"product_tag-to-moisturize-your-face","10":"desktop-align-left","11":"tablet-align-left","12":"mobile-align-left","13":"ast-product-gallery-layout-horizontal-slider","14":"ast-product-gallery-with-no-image","15":"ast-product-tabs-layout-horizontal","17":"first","18":"instock","19":"taxable","20":"shipping-taxable","21":"purchasable","22":"product-type-simple"},"yoast_head":"<!-- This site is optimized with the Yoast SEO plugin v27.3 - https:\/\/yoast.com\/product\/yoast-seo-wordpress\/ -->\n<title>SAMPLE of berry serum with bacchio - 2 gr - 100% naturalne, ro\u015blinne kosmetyki z \u0142\u0105k i zi\u00f3\u0142<\/title>\n<meta name=\"description\" content=\"Fresh, raw composition. Realistic, tested effects. Smoothes wrinkles. Firms the skin. Has a strong anti-inflammatory effect. Acne is reduced by up to 30%.\" \/>\n<meta name=\"robots\" content=\"index, follow, max-snippet:-1, max-image-preview:large, max-video-preview:-1\" \/>\n<link rel=\"canonical\" href=\"https:\/\/boskapszczola.pl\/produkt\/probka-serum-do-twarzy-i-pod-oczy-youth-nectar-z-1-bakuchiolem-2-gr\/\" \/>\n<meta property=\"og:locale\" content=\"en_US\" \/>\n<meta property=\"og:type\" content=\"article\" \/>\n<meta property=\"og:title\" content=\"SAMPLE of berry serum with bacchio - 2 gr - 100% naturalne, ro\u015blinne kosmetyki z \u0142\u0105k i zi\u00f3\u0142\" \/>\n<meta property=\"og:description\" content=\"Fresh, raw composition. Realistic, tested effects. Smoothes wrinkles. Firms the skin. Has a strong anti-inflammatory effect. Acne is reduced by up to 30%.\" \/>\n<meta property=\"og:url\" content=\"https:\/\/boskapszczola.pl\/produkt\/probka-serum-do-twarzy-i-pod-oczy-youth-nectar-z-1-bakuchiolem-2-gr\/\" \/>\n<meta property=\"og:site_name\" content=\"100% naturalne, ro\u015blinne kosmetyki z \u0142\u0105k i zi\u00f3\u0142\" \/>\n<meta property=\"article:modified_time\" content=\"2026-02-24T18:08:01+00:00\" \/>\n<meta property=\"og:image\" content=\"https:\/\/boskapszczola.pl\/wp-content\/uploads\/2024\/03\/probka-Youth-Nectar-1.jpg\" \/>\n\t<meta property=\"og:image:width\" content=\"960\" \/>\n\t<meta property=\"og:image:height\" content=\"1170\" \/>\n\t<meta property=\"og:image:type\" content=\"image\/jpeg\" \/>\n<meta name=\"twitter:card\" content=\"summary_large_image\" \/>\n<script type=\"application\/ld+json\" class=\"yoast-schema-graph\">{\"@context\":\"https:\\\/\\\/schema.org\",\"@graph\":[{\"@type\":\"WebPage\",\"@id\":\"https:\\\/\\\/boskapszczola.pl\\\/produkt\\\/probka-serum-do-twarzy-i-pod-oczy-youth-nectar-z-1-bakuchiolem-2-gr\\\/\",\"url\":\"https:\\\/\\\/boskapszczola.pl\\\/produkt\\\/probka-serum-do-twarzy-i-pod-oczy-youth-nectar-z-1-bakuchiolem-2-gr\\\/\",\"name\":\"SAMPLE of berry serum with bacchio - 2 gr - 100% naturalne, ro\u015blinne kosmetyki z \u0142\u0105k i zi\u00f3\u0142\",\"isPartOf\":{\"@id\":\"https:\\\/\\\/boskapszczola.pl\\\/#website\"},\"primaryImageOfPage\":{\"@id\":\"https:\\\/\\\/boskapszczola.pl\\\/produkt\\\/probka-serum-do-twarzy-i-pod-oczy-youth-nectar-z-1-bakuchiolem-2-gr\\\/#primaryimage\"},\"image\":{\"@id\":\"https:\\\/\\\/boskapszczola.pl\\\/produkt\\\/probka-serum-do-twarzy-i-pod-oczy-youth-nectar-z-1-bakuchiolem-2-gr\\\/#primaryimage\"},\"thumbnailUrl\":\"https:\\\/\\\/boskapszczola.pl\\\/wp-content\\\/uploads\\\/2024\\\/03\\\/probka-Youth-Nectar-1.jpg\",\"datePublished\":\"2024-03-06T13:16:24+00:00\",\"dateModified\":\"2026-02-24T18:08:01+00:00\",\"description\":\"Fresh, raw composition. Realistic, tested effects. Smoothes wrinkles. Firms the skin. Has a strong anti-inflammatory effect. Acne is reduced by up to 30%.\",\"breadcrumb\":{\"@id\":\"https:\\\/\\\/boskapszczola.pl\\\/produkt\\\/probka-serum-do-twarzy-i-pod-oczy-youth-nectar-z-1-bakuchiolem-2-gr\\\/#breadcrumb\"},\"inLanguage\":\"en-US\",\"potentialAction\":[{\"@type\":\"ReadAction\",\"target\":[\"https:\\\/\\\/boskapszczola.pl\\\/produkt\\\/probka-serum-do-twarzy-i-pod-oczy-youth-nectar-z-1-bakuchiolem-2-gr\\\/\"]}]},{\"@type\":\"ImageObject\",\"inLanguage\":\"en-US\",\"@id\":\"https:\\\/\\\/boskapszczola.pl\\\/produkt\\\/probka-serum-do-twarzy-i-pod-oczy-youth-nectar-z-1-bakuchiolem-2-gr\\\/#primaryimage\",\"url\":\"https:\\\/\\\/boskapszczola.pl\\\/wp-content\\\/uploads\\\/2024\\\/03\\\/probka-Youth-Nectar-1.jpg\",\"contentUrl\":\"https:\\\/\\\/boskapszczola.pl\\\/wp-content\\\/uploads\\\/2024\\\/03\\\/probka-Youth-Nectar-1.jpg\",\"width\":960,\"height\":1170},{\"@type\":\"BreadcrumbList\",\"@id\":\"https:\\\/\\\/boskapszczola.pl\\\/produkt\\\/probka-serum-do-twarzy-i-pod-oczy-youth-nectar-z-1-bakuchiolem-2-gr\\\/#breadcrumb\",\"itemListElement\":[{\"@type\":\"ListItem\",\"position\":1,\"name\":\"Strona g\u0142\u00f3wna\",\"item\":\"https:\\\/\\\/boskapszczola.pl\\\/en\\\/plant-based-skincare-from-herbs-flowers\\\/\"},{\"@type\":\"ListItem\",\"position\":2,\"name\":\"Store\",\"item\":\"https:\\\/\\\/boskapszczola.pl\\\/store\\\/\"},{\"@type\":\"ListItem\",\"position\":3,\"name\":\"SAMPLE of berry serum with bacchio &#8211; 2 gr\"}]},{\"@type\":\"WebSite\",\"@id\":\"https:\\\/\\\/boskapszczola.pl\\\/#website\",\"url\":\"https:\\\/\\\/boskapszczola.pl\\\/\",\"name\":\"100% naturalne, ro\u015blinne kosmetyki z \u0142\u0105k i zi\u00f3\u0142\",\"description\":\"\u015awie\u017co ukr\u0119cone kosmetyki z dzikiej \u0142\u0105ki\",\"publisher\":{\"@id\":\"https:\\\/\\\/boskapszczola.pl\\\/#organization\"},\"potentialAction\":[{\"@type\":\"SearchAction\",\"target\":{\"@type\":\"EntryPoint\",\"urlTemplate\":\"https:\\\/\\\/boskapszczola.pl\\\/?s={search_term_string}\"},\"query-input\":{\"@type\":\"PropertyValueSpecification\",\"valueRequired\":true,\"valueName\":\"search_term_string\"}}],\"inLanguage\":\"en-US\"},{\"@type\":\"Organization\",\"@id\":\"https:\\\/\\\/boskapszczola.pl\\\/#organization\",\"name\":\"100% naturalne, ro\u015blinne kosmetyki z \u0142\u0105k i zi\u00f3\u0142\",\"url\":\"https:\\\/\\\/boskapszczola.pl\\\/\",\"logo\":{\"@type\":\"ImageObject\",\"inLanguage\":\"en-US\",\"@id\":\"https:\\\/\\\/boskapszczola.pl\\\/#\\\/schema\\\/logo\\\/image\\\/\",\"url\":\"https:\\\/\\\/boskapszczola.pl\\\/wp-content\\\/uploads\\\/2018\\\/07\\\/cropped-cropped-logo_2.png\",\"contentUrl\":\"https:\\\/\\\/boskapszczola.pl\\\/wp-content\\\/uploads\\\/2018\\\/07\\\/cropped-cropped-logo_2.png\",\"width\":414,\"height\":194,\"caption\":\"100% naturalne, ro\u015blinne kosmetyki z \u0142\u0105k i zi\u00f3\u0142\"},\"image\":{\"@id\":\"https:\\\/\\\/boskapszczola.pl\\\/#\\\/schema\\\/logo\\\/image\\\/\"}}]}<\/script>\n<!-- \/ Yoast SEO plugin. -->","yoast_head_json":{"title":"SAMPLE of berry serum with bacchio - 2 gr - 100% naturalne, ro\u015blinne kosmetyki z \u0142\u0105k i zi\u00f3\u0142","description":"Fresh, raw composition. Realistic, tested effects. Smoothes wrinkles. Firms the skin. Has a strong anti-inflammatory effect. Acne is reduced by up to 30%.","robots":{"index":"index","follow":"follow","max-snippet":"max-snippet:-1","max-image-preview":"max-image-preview:large","max-video-preview":"max-video-preview:-1"},"canonical":"https:\/\/boskapszczola.pl\/produkt\/probka-serum-do-twarzy-i-pod-oczy-youth-nectar-z-1-bakuchiolem-2-gr\/","og_locale":"en_US","og_type":"article","og_title":"SAMPLE of berry serum with bacchio - 2 gr - 100% naturalne, ro\u015blinne kosmetyki z \u0142\u0105k i zi\u00f3\u0142","og_description":"Fresh, raw composition. Realistic, tested effects. Smoothes wrinkles. Firms the skin. Has a strong anti-inflammatory effect. Acne is reduced by up to 30%.","og_url":"https:\/\/boskapszczola.pl\/produkt\/probka-serum-do-twarzy-i-pod-oczy-youth-nectar-z-1-bakuchiolem-2-gr\/","og_site_name":"100% naturalne, ro\u015blinne kosmetyki z \u0142\u0105k i zi\u00f3\u0142","article_modified_time":"2026-02-24T18:08:01+00:00","og_image":[{"width":960,"height":1170,"url":"https:\/\/boskapszczola.pl\/wp-content\/uploads\/2024\/03\/probka-Youth-Nectar-1.jpg","type":"image\/jpeg"}],"twitter_card":"summary_large_image","schema":{"@context":"https:\/\/schema.org","@graph":[{"@type":"WebPage","@id":"https:\/\/boskapszczola.pl\/produkt\/probka-serum-do-twarzy-i-pod-oczy-youth-nectar-z-1-bakuchiolem-2-gr\/","url":"https:\/\/boskapszczola.pl\/produkt\/probka-serum-do-twarzy-i-pod-oczy-youth-nectar-z-1-bakuchiolem-2-gr\/","name":"SAMPLE of berry serum with bacchio - 2 gr - 100% naturalne, ro\u015blinne kosmetyki z \u0142\u0105k i zi\u00f3\u0142","isPartOf":{"@id":"https:\/\/boskapszczola.pl\/#website"},"primaryImageOfPage":{"@id":"https:\/\/boskapszczola.pl\/produkt\/probka-serum-do-twarzy-i-pod-oczy-youth-nectar-z-1-bakuchiolem-2-gr\/#primaryimage"},"image":{"@id":"https:\/\/boskapszczola.pl\/produkt\/probka-serum-do-twarzy-i-pod-oczy-youth-nectar-z-1-bakuchiolem-2-gr\/#primaryimage"},"thumbnailUrl":"https:\/\/boskapszczola.pl\/wp-content\/uploads\/2024\/03\/probka-Youth-Nectar-1.jpg","datePublished":"2024-03-06T13:16:24+00:00","dateModified":"2026-02-24T18:08:01+00:00","description":"Fresh, raw composition. Realistic, tested effects. Smoothes wrinkles. Firms the skin. Has a strong anti-inflammatory effect. Acne is reduced by up to 30%.","breadcrumb":{"@id":"https:\/\/boskapszczola.pl\/produkt\/probka-serum-do-twarzy-i-pod-oczy-youth-nectar-z-1-bakuchiolem-2-gr\/#breadcrumb"},"inLanguage":"en-US","potentialAction":[{"@type":"ReadAction","target":["https:\/\/boskapszczola.pl\/produkt\/probka-serum-do-twarzy-i-pod-oczy-youth-nectar-z-1-bakuchiolem-2-gr\/"]}]},{"@type":"ImageObject","inLanguage":"en-US","@id":"https:\/\/boskapszczola.pl\/produkt\/probka-serum-do-twarzy-i-pod-oczy-youth-nectar-z-1-bakuchiolem-2-gr\/#primaryimage","url":"https:\/\/boskapszczola.pl\/wp-content\/uploads\/2024\/03\/probka-Youth-Nectar-1.jpg","contentUrl":"https:\/\/boskapszczola.pl\/wp-content\/uploads\/2024\/03\/probka-Youth-Nectar-1.jpg","width":960,"height":1170},{"@type":"BreadcrumbList","@id":"https:\/\/boskapszczola.pl\/produkt\/probka-serum-do-twarzy-i-pod-oczy-youth-nectar-z-1-bakuchiolem-2-gr\/#breadcrumb","itemListElement":[{"@type":"ListItem","position":1,"name":"Strona g\u0142\u00f3wna","item":"https:\/\/boskapszczola.pl\/en\/plant-based-skincare-from-herbs-flowers\/"},{"@type":"ListItem","position":2,"name":"Store","item":"https:\/\/boskapszczola.pl\/store\/"},{"@type":"ListItem","position":3,"name":"SAMPLE of berry serum with bacchio &#8211; 2 gr"}]},{"@type":"WebSite","@id":"https:\/\/boskapszczola.pl\/#website","url":"https:\/\/boskapszczola.pl\/","name":"100% naturalne, ro\u015blinne kosmetyki z \u0142\u0105k i zi\u00f3\u0142","description":"\u015awie\u017co ukr\u0119cone kosmetyki z dzikiej \u0142\u0105ki","publisher":{"@id":"https:\/\/boskapszczola.pl\/#organization"},"potentialAction":[{"@type":"SearchAction","target":{"@type":"EntryPoint","urlTemplate":"https:\/\/boskapszczola.pl\/?s={search_term_string}"},"query-input":{"@type":"PropertyValueSpecification","valueRequired":true,"valueName":"search_term_string"}}],"inLanguage":"en-US"},{"@type":"Organization","@id":"https:\/\/boskapszczola.pl\/#organization","name":"100% naturalne, ro\u015blinne kosmetyki z \u0142\u0105k i zi\u00f3\u0142","url":"https:\/\/boskapszczola.pl\/","logo":{"@type":"ImageObject","inLanguage":"en-US","@id":"https:\/\/boskapszczola.pl\/#\/schema\/logo\/image\/","url":"https:\/\/boskapszczola.pl\/wp-content\/uploads\/2018\/07\/cropped-cropped-logo_2.png","contentUrl":"https:\/\/boskapszczola.pl\/wp-content\/uploads\/2018\/07\/cropped-cropped-logo_2.png","width":414,"height":194,"caption":"100% naturalne, ro\u015blinne kosmetyki z \u0142\u0105k i zi\u00f3\u0142"},"image":{"@id":"https:\/\/boskapszczola.pl\/#\/schema\/logo\/image\/"}}]}},"_links":{"self":[{"href":"https:\/\/boskapszczola.pl\/en\/wp-json\/wp\/v2\/product\/13120","targetHints":{"allow":["GET"]}}],"collection":[{"href":"https:\/\/boskapszczola.pl\/en\/wp-json\/wp\/v2\/product"}],"about":[{"href":"https:\/\/boskapszczola.pl\/en\/wp-json\/wp\/v2\/types\/product"}],"replies":[{"embeddable":true,"href":"https:\/\/boskapszczola.pl\/en\/wp-json\/wp\/v2\/comments?post=13120"}],"version-history":[{"count":1,"href":"https:\/\/boskapszczola.pl\/en\/wp-json\/wp\/v2\/product\/13120\/revisions"}],"predecessor-version":[{"id":13121,"href":"https:\/\/boskapszczola.pl\/en\/wp-json\/wp\/v2\/product\/13120\/revisions\/13121"}],"wp:featuredmedia":[{"embeddable":true,"href":"https:\/\/boskapszczola.pl\/en\/wp-json\/wp\/v2\/media\/12965"}],"wp:attachment":[{"href":"https:\/\/boskapszczola.pl\/en\/wp-json\/wp\/v2\/media?parent=13120"}],"wp:term":[{"taxonomy":"product_brand","embeddable":true,"href":"https:\/\/boskapszczola.pl\/en\/wp-json\/wp\/v2\/product_brand?post=13120"},{"taxonomy":"product_cat","embeddable":true,"href":"https:\/\/boskapszczola.pl\/en\/wp-json\/wp\/v2\/product_cat?post=13120"},{"taxonomy":"product_tag","embeddable":true,"href":"https:\/\/boskapszczola.pl\/en\/wp-json\/wp\/v2\/product_tag?post=13120"}],"curies":[{"name":"wp","href":"https:\/\/api.w.org\/{rel}","templated":true}]}}