{"id":13125,"date":"2023-12-05T19:09:26","date_gmt":"2023-12-05T18:09:26","guid":{"rendered":"https:\/\/boskapszczola.pl\/produkt\/amethyst-facial-massage-and-acupressure-stone-3-4cm\/"},"modified":"2025-02-17T17:40:37","modified_gmt":"2025-02-17T16:40:37","slug":"amethyst-facial-massage-and-acupressure-stone-3-4cm","status":"publish","type":"product","link":"https:\/\/boskapszczola.pl\/en\/produkt\/amethyst-facial-massage-and-acupressure-stone-3-4cm\/","title":{"rendered":"Amethyst. Facial massage and acupressure stone &#8211; 3-4cm."},"content":{"rendered":"\t\t<div data-elementor-type=\"wp-post\" data-elementor-id=\"13125\" class=\"elementor elementor-13125 elementor-10285\" data-elementor-post-type=\"product\">\n\t\t\t\t\t\t<section class=\"elementor-section elementor-top-section elementor-element elementor-element-dbc8ac0 elementor-section-boxed elementor-section-height-default elementor-section-height-default\" data-id=\"dbc8ac0\" data-element_type=\"section\" data-e-type=\"section\">\n\t\t\t\t\t\t<div class=\"elementor-container elementor-column-gap-no\">\n\t\t\t\t\t<div class=\"elementor-column elementor-col-100 elementor-top-column elementor-element elementor-element-ebc6f2e\" data-id=\"ebc6f2e\" data-element_type=\"column\" data-e-type=\"column\">\n\t\t\t<div class=\"elementor-widget-wrap elementor-element-populated\">\n\t\t\t\t\t\t<div class=\"elementor-element elementor-element-d42967c elementor-widget elementor-widget-heading\" data-id=\"d42967c\" data-element_type=\"widget\" data-e-type=\"widget\" data-widget_type=\"heading.default\">\n\t\t\t\t<div class=\"elementor-widget-container\">\n\t\t\t\t\t<h3 class=\"elementor-heading-title elementor-size-default\">How to perform a facial massage with acupressure?<\/h3>\t\t\t\t<\/div>\n\t\t\t\t<\/div>\n\t\t\t\t<div class=\"elementor-element elementor-element-ad8e2d2 elementor-widget elementor-widget-text-editor\" data-id=\"ad8e2d2\" data-element_type=\"widget\" data-e-type=\"widget\" data-widget_type=\"text-editor.default\">\n\t\t\t\t<div class=\"elementor-widget-container\">\n\t\t\t\t\t\t\t\t\t<p>Press the acupressure points on the face one by one (map below), breathing deeply and counting slowly to 10. We can press the points with our fingers or use a natural stone or acupressure stick to do so. In addition, you can make gentle circular point-by-point movements, first to one side, then to the other, for about 20 seconds at a time.     <\/p>\t\t\t\t\t\t\t\t<\/div>\n\t\t\t\t<\/div>\n\t\t\t\t<section class=\"elementor-section elementor-inner-section elementor-element elementor-element-42bd307 elementor-section-boxed elementor-section-height-default elementor-section-height-default\" data-id=\"42bd307\" data-element_type=\"section\" data-e-type=\"section\" data-settings=\"{&quot;background_background&quot;:&quot;classic&quot;}\">\n\t\t\t\t\t\t\t<div class=\"elementor-background-overlay\"><\/div>\n\t\t\t\t\t\t\t<div class=\"elementor-container elementor-column-gap-default\">\n\t\t\t\t\t<div class=\"elementor-column elementor-col-100 elementor-inner-column elementor-element elementor-element-2bc69b8\" data-id=\"2bc69b8\" data-element_type=\"column\" data-e-type=\"column\">\n\t\t\t<div class=\"elementor-widget-wrap\">\n\t\t\t\t\t\t\t<\/div>\n\t\t<\/div>\n\t\t\t\t\t<\/div>\n\t\t<\/section>\n\t\t\t\t<section class=\"elementor-section elementor-inner-section elementor-element elementor-element-9f79559 elementor-section-boxed elementor-section-height-default elementor-section-height-default\" data-id=\"9f79559\" data-element_type=\"section\" data-e-type=\"section\">\n\t\t\t\t\t\t<div class=\"elementor-container elementor-column-gap-no\">\n\t\t\t\t\t<div class=\"elementor-column elementor-col-50 elementor-inner-column elementor-element elementor-element-47147fb\" data-id=\"47147fb\" data-element_type=\"column\" data-e-type=\"column\">\n\t\t\t<div class=\"elementor-widget-wrap elementor-element-populated\">\n\t\t\t\t\t\t<div class=\"elementor-element elementor-element-925d569 elementor-widget elementor-widget-heading\" data-id=\"925d569\" data-element_type=\"widget\" data-e-type=\"widget\" data-widget_type=\"heading.default\">\n\t\t\t\t<div class=\"elementor-widget-container\">\n\t\t\t\t\t<h3 class=\"elementor-heading-title elementor-size-default\">Why is it worth it?<\/h3>\t\t\t\t<\/div>\n\t\t\t\t<\/div>\n\t\t\t\t<div class=\"elementor-element elementor-element-cf00d43 elementor-widget-divider--view-line elementor-widget elementor-widget-divider\" data-id=\"cf00d43\" data-element_type=\"widget\" data-e-type=\"widget\" data-widget_type=\"divider.default\">\n\t\t\t\t<div class=\"elementor-widget-container\">\n\t\t\t\t\t\t\t<div class=\"elementor-divider\">\n\t\t\t<span class=\"elementor-divider-separator\">\n\t\t\t\t\t\t<\/span>\n\t\t<\/div>\n\t\t\t\t\t\t<\/div>\n\t\t\t\t<\/div>\n\t\t\t\t\t<\/div>\n\t\t<\/div>\n\t\t\t\t<div class=\"elementor-column elementor-col-50 elementor-inner-column elementor-element elementor-element-3c63fec\" data-id=\"3c63fec\" data-element_type=\"column\" data-e-type=\"column\">\n\t\t\t<div class=\"elementor-widget-wrap elementor-element-populated\">\n\t\t\t\t\t\t<div class=\"elementor-element elementor-element-04ae7be elementor-widget elementor-widget-heading\" data-id=\"04ae7be\" data-element_type=\"widget\" data-e-type=\"widget\" data-widget_type=\"heading.default\">\n\t\t\t\t<div class=\"elementor-widget-container\">\n\t\t\t\t\t<h4 class=\"elementor-heading-title elementor-size-default\">You will feel your facial muscles release any tension. Gentle compressions stimulate blood circulation and drain the skin, allowing lymph to flow freely. The effects you will notice are:  <\/h4>\t\t\t\t<\/div>\n\t\t\t\t<\/div>\n\t\t\t\t<div class=\"elementor-element elementor-element-4f23bee elementor-align-start elementor-icon-list--layout-traditional elementor-list-item-link-full_width elementor-widget elementor-widget-icon-list\" data-id=\"4f23bee\" data-element_type=\"widget\" data-e-type=\"widget\" data-widget_type=\"icon-list.default\">\n\t\t\t\t<div class=\"elementor-widget-container\">\n\t\t\t\t\t\t\t<ul class=\"elementor-icon-list-items\">\n\t\t\t\t\t\t\t<li class=\"elementor-icon-list-item\">\n\t\t\t\t\t\t\t\t\t\t\t<span class=\"elementor-icon-list-icon\">\n\t\t\t\t\t\t\t<i aria-hidden=\"true\" class=\"far fa-dot-circle\"><\/i>\t\t\t\t\t\t<\/span>\n\t\t\t\t\t\t\t\t\t\t<span class=\"elementor-icon-list-text\">Relaxed muscles<\/span>\n\t\t\t\t\t\t\t\t\t<\/li>\n\t\t\t\t\t\t\t\t<li class=\"elementor-icon-list-item\">\n\t\t\t\t\t\t\t\t\t\t\t<span class=\"elementor-icon-list-icon\">\n\t\t\t\t\t\t\t<i aria-hidden=\"true\" class=\"far fa-dot-circle\"><\/i>\t\t\t\t\t\t<\/span>\n\t\t\t\t\t\t\t\t\t\t<span class=\"elementor-icon-list-text\">Smoothed wrinkles<\/span>\n\t\t\t\t\t\t\t\t\t<\/li>\n\t\t\t\t\t\t\t\t<li class=\"elementor-icon-list-item\">\n\t\t\t\t\t\t\t\t\t\t\t<span class=\"elementor-icon-list-icon\">\n\t\t\t\t\t\t\t<i aria-hidden=\"true\" class=\"far fa-dot-circle\"><\/i>\t\t\t\t\t\t<\/span>\n\t\t\t\t\t\t\t\t\t\t<span class=\"elementor-icon-list-text\">Skin lifting effect<\/span>\n\t\t\t\t\t\t\t\t\t<\/li>\n\t\t\t\t\t\t\t\t<li class=\"elementor-icon-list-item\">\n\t\t\t\t\t\t\t\t\t\t\t<span class=\"elementor-icon-list-icon\">\n\t\t\t\t\t\t\t<i aria-hidden=\"true\" class=\"far fa-dot-circle\"><\/i>\t\t\t\t\t\t<\/span>\n\t\t\t\t\t\t\t\t\t\t<span class=\"elementor-icon-list-text\">Reduced swelling<\/span>\n\t\t\t\t\t\t\t\t\t<\/li>\n\t\t\t\t\t\t\t\t<li class=\"elementor-icon-list-item\">\n\t\t\t\t\t\t\t\t\t\t\t<span class=\"elementor-icon-list-icon\">\n\t\t\t\t\t\t\t<i aria-hidden=\"true\" class=\"far fa-dot-circle\"><\/i>\t\t\t\t\t\t<\/span>\n\t\t\t\t\t\t\t\t\t\t<span class=\"elementor-icon-list-text\">Radiant, healthy looking skin<\/span>\n\t\t\t\t\t\t\t\t\t<\/li>\n\t\t\t\t\t\t\t\t<li class=\"elementor-icon-list-item\">\n\t\t\t\t\t\t\t\t\t\t\t<span class=\"elementor-icon-list-icon\">\n\t\t\t\t\t\t\t<i aria-hidden=\"true\" class=\"far fa-dot-circle\"><\/i>\t\t\t\t\t\t<\/span>\n\t\t\t\t\t\t\t\t\t\t<span class=\"elementor-icon-list-text\">Deep relaxation<\/span>\n\t\t\t\t\t\t\t\t\t<\/li>\n\t\t\t\t\t\t<\/ul>\n\t\t\t\t\t\t<\/div>\n\t\t\t\t<\/div>\n\t\t\t\t\t<\/div>\n\t\t<\/div>\n\t\t\t\t\t<\/div>\n\t\t<\/section>\n\t\t\t\t\t<\/div>\n\t\t<\/div>\n\t\t\t\t\t<\/div>\n\t\t<\/section>\n\t\t\t\t<\/div>\n\t\t","protected":false},"excerpt":{"rendered":"<p>&nbsp;<\/p>\n<p>Natural amethyst chevron in the form of a cut and polished nugget. Chevron is a variety of amethyst with distinctive white and purple quartz layers. Ideal for facial acupressure to relax tense muscles and keep skin firmer for longer. It composes wonderfully with the purple and maroon Nectar of Youth oil facial serum. I choose the stone for you intuitively, from those available from my stock. Origin: SOUTH AFRICA. Size: 3-4 cm.      <\/p>\n","protected":false},"featured_media":12941,"comment_status":"open","ping_status":"closed","template":"","meta":{"site-sidebar-layout":"default","site-content-layout":"default","ast-site-content-layout":"default","site-content-style":"default","site-sidebar-style":"default","ast-global-header-display":"","ast-banner-title-visibility":"","ast-main-header-display":"","ast-hfb-above-header-display":"","ast-hfb-below-header-display":"","ast-hfb-mobile-header-display":"","site-post-title":"disabled","ast-breadcrumbs-content":"","ast-featured-img":"disabled","footer-sml-layout":"","ast-disable-related-posts":"","theme-transparent-header-meta":"default","adv-header-id-meta":"","stick-header-meta":"","header-above-stick-meta":"","header-main-stick-meta":"","header-below-stick-meta":"","astra-migrate-meta-layouts":"default","ast-page-background-enabled":"default","ast-page-background-meta":{"desktop":{"background-color":"var(--ast-global-color-4)","background-image":"","background-repeat":"repeat","background-position":"center center","background-size":"auto","background-attachment":"scroll","background-type":"","background-media":"","overlay-type":"","overlay-color":"","overlay-opacity":"","overlay-gradient":""},"tablet":{"background-color":"","background-image":"","background-repeat":"repeat","background-position":"center center","background-size":"auto","background-attachment":"scroll","background-type":"","background-media":"","overlay-type":"","overlay-color":"","overlay-opacity":"","overlay-gradient":""},"mobile":{"background-color":"","background-image":"","background-repeat":"repeat","background-position":"center center","background-size":"auto","background-attachment":"scroll","background-type":"","background-media":"","overlay-type":"","overlay-color":"","overlay-opacity":"","overlay-gradient":""}},"ast-content-background-meta":{"desktop":{"background-color":"var(--ast-global-color-5)","background-image":"","background-repeat":"repeat","background-position":"center center","background-size":"auto","background-attachment":"scroll","background-type":"","background-media":"","overlay-type":"","overlay-color":"","overlay-opacity":"","overlay-gradient":""},"tablet":{"background-color":"var(--ast-global-color-5)","background-image":"","background-repeat":"repeat","background-position":"center center","background-size":"auto","background-attachment":"scroll","background-type":"","background-media":"","overlay-type":"","overlay-color":"","overlay-opacity":"","overlay-gradient":""},"mobile":{"background-color":"var(--ast-global-color-5)","background-image":"","background-repeat":"repeat","background-position":"center center","background-size":"auto","background-attachment":"scroll","background-type":"","background-media":"","overlay-type":"","overlay-color":"","overlay-opacity":"","overlay-gradient":""}}},"product_brand":[],"product_cat":[179],"product_tag":[],"class_list":{"0":"post-13125","1":"product","2":"type-product","3":"status-publish","4":"has-post-thumbnail","6":"product_cat-accessories","7":"desktop-align-left","8":"tablet-align-left","9":"mobile-align-left","10":"ast-product-gallery-layout-horizontal-slider","11":"ast-product-tabs-layout-horizontal","13":"first","14":"instock","15":"taxable","16":"shipping-taxable","17":"purchasable","18":"product-type-simple"},"yoast_head":"<!-- This site is optimized with the Yoast SEO plugin v27.3 - https:\/\/yoast.com\/product\/yoast-seo-wordpress\/ -->\n<title>Amethyst. Facial massage and acupressure stone - 3-4cm. - 100% naturalne, ro\u015blinne kosmetyki z \u0142\u0105k i zi\u00f3\u0142<\/title>\n<meta name=\"robots\" content=\"index, follow, max-snippet:-1, max-image-preview:large, max-video-preview:-1\" \/>\n<link rel=\"canonical\" href=\"https:\/\/boskapszczola.pl\/produkt\/ametyst\/\" \/>\n<meta property=\"og:locale\" content=\"en_US\" \/>\n<meta property=\"og:type\" content=\"article\" \/>\n<meta property=\"og:title\" content=\"Amethyst. Facial massage and acupressure stone - 3-4cm. - 100% naturalne, ro\u015blinne kosmetyki z \u0142\u0105k i zi\u00f3\u0142\" \/>\n<meta property=\"og:description\" content=\"&nbsp; Natural amethyst chevron in the form of a cut and polished nugget. Chevron is a variety of amethyst with distinctive white and purple quartz layers. Ideal for facial acupressure to relax tense muscles and keep skin firmer for longer. It composes wonderfully with the purple and maroon Nectar of Youth oil facial serum. I choose the stone for you intuitively, from those available from my stock. Origin: SOUTH AFRICA. Size: 3-4 cm.\" \/>\n<meta property=\"og:url\" content=\"https:\/\/boskapszczola.pl\/produkt\/ametyst\/\" \/>\n<meta property=\"og:site_name\" content=\"100% naturalne, ro\u015blinne kosmetyki z \u0142\u0105k i zi\u00f3\u0142\" \/>\n<meta property=\"article:modified_time\" content=\"2025-02-17T16:40:37+00:00\" \/>\n<meta property=\"og:image\" content=\"https:\/\/boskapszczola.pl\/wp-content\/uploads\/2023\/12\/2-1.jpg\" \/>\n\t<meta property=\"og:image:width\" content=\"960\" \/>\n\t<meta property=\"og:image:height\" content=\"1170\" \/>\n\t<meta property=\"og:image:type\" content=\"image\/jpeg\" \/>\n<meta name=\"twitter:card\" content=\"summary_large_image\" \/>\n<meta name=\"twitter:label1\" content=\"Est. reading time\" \/>\n\t<meta name=\"twitter:data1\" content=\"1 minute\" \/>\n<script type=\"application\/ld+json\" class=\"yoast-schema-graph\">{\"@context\":\"https:\\\/\\\/schema.org\",\"@graph\":[{\"@type\":\"WebPage\",\"@id\":\"https:\\\/\\\/boskapszczola.pl\\\/produkt\\\/ametyst\\\/\",\"url\":\"https:\\\/\\\/boskapszczola.pl\\\/produkt\\\/ametyst\\\/\",\"name\":\"Amethyst. Facial massage and acupressure stone - 3-4cm. - 100% naturalne, ro\u015blinne kosmetyki z \u0142\u0105k i zi\u00f3\u0142\",\"isPartOf\":{\"@id\":\"https:\\\/\\\/boskapszczola.pl\\\/#website\"},\"primaryImageOfPage\":{\"@id\":\"https:\\\/\\\/boskapszczola.pl\\\/produkt\\\/ametyst\\\/#primaryimage\"},\"image\":{\"@id\":\"https:\\\/\\\/boskapszczola.pl\\\/produkt\\\/ametyst\\\/#primaryimage\"},\"thumbnailUrl\":\"https:\\\/\\\/boskapszczola.pl\\\/wp-content\\\/uploads\\\/2023\\\/12\\\/2-1.jpg\",\"datePublished\":\"2023-12-05T18:09:26+00:00\",\"dateModified\":\"2025-02-17T16:40:37+00:00\",\"breadcrumb\":{\"@id\":\"https:\\\/\\\/boskapszczola.pl\\\/produkt\\\/ametyst\\\/#breadcrumb\"},\"inLanguage\":\"en-US\",\"potentialAction\":[{\"@type\":\"ReadAction\",\"target\":[\"https:\\\/\\\/boskapszczola.pl\\\/produkt\\\/ametyst\\\/\"]}]},{\"@type\":\"ImageObject\",\"inLanguage\":\"en-US\",\"@id\":\"https:\\\/\\\/boskapszczola.pl\\\/produkt\\\/ametyst\\\/#primaryimage\",\"url\":\"https:\\\/\\\/boskapszczola.pl\\\/wp-content\\\/uploads\\\/2023\\\/12\\\/2-1.jpg\",\"contentUrl\":\"https:\\\/\\\/boskapszczola.pl\\\/wp-content\\\/uploads\\\/2023\\\/12\\\/2-1.jpg\",\"width\":960,\"height\":1170},{\"@type\":\"BreadcrumbList\",\"@id\":\"https:\\\/\\\/boskapszczola.pl\\\/produkt\\\/ametyst\\\/#breadcrumb\",\"itemListElement\":[{\"@type\":\"ListItem\",\"position\":1,\"name\":\"Strona g\u0142\u00f3wna\",\"item\":\"https:\\\/\\\/boskapszczola.pl\\\/en\\\/\"},{\"@type\":\"ListItem\",\"position\":2,\"name\":\"Store\",\"item\":\"https:\\\/\\\/boskapszczola.pl\\\/store\\\/\"},{\"@type\":\"ListItem\",\"position\":3,\"name\":\"Amethyst. Facial massage and acupressure stone &#8211; 3-4cm.\"}]},{\"@type\":\"WebSite\",\"@id\":\"https:\\\/\\\/boskapszczola.pl\\\/#website\",\"url\":\"https:\\\/\\\/boskapszczola.pl\\\/\",\"name\":\"100% naturalne, ro\u015blinne kosmetyki z \u0142\u0105k i zi\u00f3\u0142\",\"description\":\"\u015awie\u017co ukr\u0119cone kosmetyki z dzikiej \u0142\u0105ki\",\"publisher\":{\"@id\":\"https:\\\/\\\/boskapszczola.pl\\\/#organization\"},\"potentialAction\":[{\"@type\":\"SearchAction\",\"target\":{\"@type\":\"EntryPoint\",\"urlTemplate\":\"https:\\\/\\\/boskapszczola.pl\\\/?s={search_term_string}\"},\"query-input\":{\"@type\":\"PropertyValueSpecification\",\"valueRequired\":true,\"valueName\":\"search_term_string\"}}],\"inLanguage\":\"en-US\"},{\"@type\":\"Organization\",\"@id\":\"https:\\\/\\\/boskapszczola.pl\\\/#organization\",\"name\":\"100% naturalne, ro\u015blinne kosmetyki z \u0142\u0105k i zi\u00f3\u0142\",\"url\":\"https:\\\/\\\/boskapszczola.pl\\\/\",\"logo\":{\"@type\":\"ImageObject\",\"inLanguage\":\"en-US\",\"@id\":\"https:\\\/\\\/boskapszczola.pl\\\/#\\\/schema\\\/logo\\\/image\\\/\",\"url\":\"https:\\\/\\\/boskapszczola.pl\\\/wp-content\\\/uploads\\\/2018\\\/07\\\/cropped-cropped-logo_2.png\",\"contentUrl\":\"https:\\\/\\\/boskapszczola.pl\\\/wp-content\\\/uploads\\\/2018\\\/07\\\/cropped-cropped-logo_2.png\",\"width\":414,\"height\":194,\"caption\":\"100% naturalne, ro\u015blinne kosmetyki z \u0142\u0105k i zi\u00f3\u0142\"},\"image\":{\"@id\":\"https:\\\/\\\/boskapszczola.pl\\\/#\\\/schema\\\/logo\\\/image\\\/\"}}]}<\/script>\n<!-- \/ Yoast SEO plugin. -->","yoast_head_json":{"title":"Amethyst. Facial massage and acupressure stone - 3-4cm. - 100% naturalne, ro\u015blinne kosmetyki z \u0142\u0105k i zi\u00f3\u0142","robots":{"index":"index","follow":"follow","max-snippet":"max-snippet:-1","max-image-preview":"max-image-preview:large","max-video-preview":"max-video-preview:-1"},"canonical":"https:\/\/boskapszczola.pl\/produkt\/ametyst\/","og_locale":"en_US","og_type":"article","og_title":"Amethyst. Facial massage and acupressure stone - 3-4cm. - 100% naturalne, ro\u015blinne kosmetyki z \u0142\u0105k i zi\u00f3\u0142","og_description":"&nbsp; Natural amethyst chevron in the form of a cut and polished nugget. Chevron is a variety of amethyst with distinctive white and purple quartz layers. Ideal for facial acupressure to relax tense muscles and keep skin firmer for longer. It composes wonderfully with the purple and maroon Nectar of Youth oil facial serum. I choose the stone for you intuitively, from those available from my stock. Origin: SOUTH AFRICA. Size: 3-4 cm.","og_url":"https:\/\/boskapszczola.pl\/produkt\/ametyst\/","og_site_name":"100% naturalne, ro\u015blinne kosmetyki z \u0142\u0105k i zi\u00f3\u0142","article_modified_time":"2025-02-17T16:40:37+00:00","og_image":[{"width":960,"height":1170,"url":"https:\/\/boskapszczola.pl\/wp-content\/uploads\/2023\/12\/2-1.jpg","type":"image\/jpeg"}],"twitter_card":"summary_large_image","twitter_misc":{"Est. reading time":"1 minute"},"schema":{"@context":"https:\/\/schema.org","@graph":[{"@type":"WebPage","@id":"https:\/\/boskapszczola.pl\/produkt\/ametyst\/","url":"https:\/\/boskapszczola.pl\/produkt\/ametyst\/","name":"Amethyst. Facial massage and acupressure stone - 3-4cm. - 100% naturalne, ro\u015blinne kosmetyki z \u0142\u0105k i zi\u00f3\u0142","isPartOf":{"@id":"https:\/\/boskapszczola.pl\/#website"},"primaryImageOfPage":{"@id":"https:\/\/boskapszczola.pl\/produkt\/ametyst\/#primaryimage"},"image":{"@id":"https:\/\/boskapszczola.pl\/produkt\/ametyst\/#primaryimage"},"thumbnailUrl":"https:\/\/boskapszczola.pl\/wp-content\/uploads\/2023\/12\/2-1.jpg","datePublished":"2023-12-05T18:09:26+00:00","dateModified":"2025-02-17T16:40:37+00:00","breadcrumb":{"@id":"https:\/\/boskapszczola.pl\/produkt\/ametyst\/#breadcrumb"},"inLanguage":"en-US","potentialAction":[{"@type":"ReadAction","target":["https:\/\/boskapszczola.pl\/produkt\/ametyst\/"]}]},{"@type":"ImageObject","inLanguage":"en-US","@id":"https:\/\/boskapszczola.pl\/produkt\/ametyst\/#primaryimage","url":"https:\/\/boskapszczola.pl\/wp-content\/uploads\/2023\/12\/2-1.jpg","contentUrl":"https:\/\/boskapszczola.pl\/wp-content\/uploads\/2023\/12\/2-1.jpg","width":960,"height":1170},{"@type":"BreadcrumbList","@id":"https:\/\/boskapszczola.pl\/produkt\/ametyst\/#breadcrumb","itemListElement":[{"@type":"ListItem","position":1,"name":"Strona g\u0142\u00f3wna","item":"https:\/\/boskapszczola.pl\/en\/"},{"@type":"ListItem","position":2,"name":"Store","item":"https:\/\/boskapszczola.pl\/store\/"},{"@type":"ListItem","position":3,"name":"Amethyst. Facial massage and acupressure stone &#8211; 3-4cm."}]},{"@type":"WebSite","@id":"https:\/\/boskapszczola.pl\/#website","url":"https:\/\/boskapszczola.pl\/","name":"100% naturalne, ro\u015blinne kosmetyki z \u0142\u0105k i zi\u00f3\u0142","description":"\u015awie\u017co ukr\u0119cone kosmetyki z dzikiej \u0142\u0105ki","publisher":{"@id":"https:\/\/boskapszczola.pl\/#organization"},"potentialAction":[{"@type":"SearchAction","target":{"@type":"EntryPoint","urlTemplate":"https:\/\/boskapszczola.pl\/?s={search_term_string}"},"query-input":{"@type":"PropertyValueSpecification","valueRequired":true,"valueName":"search_term_string"}}],"inLanguage":"en-US"},{"@type":"Organization","@id":"https:\/\/boskapszczola.pl\/#organization","name":"100% naturalne, ro\u015blinne kosmetyki z \u0142\u0105k i zi\u00f3\u0142","url":"https:\/\/boskapszczola.pl\/","logo":{"@type":"ImageObject","inLanguage":"en-US","@id":"https:\/\/boskapszczola.pl\/#\/schema\/logo\/image\/","url":"https:\/\/boskapszczola.pl\/wp-content\/uploads\/2018\/07\/cropped-cropped-logo_2.png","contentUrl":"https:\/\/boskapszczola.pl\/wp-content\/uploads\/2018\/07\/cropped-cropped-logo_2.png","width":414,"height":194,"caption":"100% naturalne, ro\u015blinne kosmetyki z \u0142\u0105k i zi\u00f3\u0142"},"image":{"@id":"https:\/\/boskapszczola.pl\/#\/schema\/logo\/image\/"}}]}},"_links":{"self":[{"href":"https:\/\/boskapszczola.pl\/en\/wp-json\/wp\/v2\/product\/13125","targetHints":{"allow":["GET"]}}],"collection":[{"href":"https:\/\/boskapszczola.pl\/en\/wp-json\/wp\/v2\/product"}],"about":[{"href":"https:\/\/boskapszczola.pl\/en\/wp-json\/wp\/v2\/types\/product"}],"replies":[{"embeddable":true,"href":"https:\/\/boskapszczola.pl\/en\/wp-json\/wp\/v2\/comments?post=13125"}],"version-history":[{"count":1,"href":"https:\/\/boskapszczola.pl\/en\/wp-json\/wp\/v2\/product\/13125\/revisions"}],"predecessor-version":[{"id":13126,"href":"https:\/\/boskapszczola.pl\/en\/wp-json\/wp\/v2\/product\/13125\/revisions\/13126"}],"wp:featuredmedia":[{"embeddable":true,"href":"https:\/\/boskapszczola.pl\/en\/wp-json\/wp\/v2\/media\/12941"}],"wp:attachment":[{"href":"https:\/\/boskapszczola.pl\/en\/wp-json\/wp\/v2\/media?parent=13125"}],"wp:term":[{"taxonomy":"product_brand","embeddable":true,"href":"https:\/\/boskapszczola.pl\/en\/wp-json\/wp\/v2\/product_brand?post=13125"},{"taxonomy":"product_cat","embeddable":true,"href":"https:\/\/boskapszczola.pl\/en\/wp-json\/wp\/v2\/product_cat?post=13125"},{"taxonomy":"product_tag","embeddable":true,"href":"https:\/\/boskapszczola.pl\/en\/wp-json\/wp\/v2\/product_tag?post=13125"}],"curies":[{"name":"wp","href":"https:\/\/api.w.org\/{rel}","templated":true}]}}