{"id":13127,"date":"2023-12-05T20:00:35","date_gmt":"2023-12-05T19:00:35","guid":{"rendered":"https:\/\/boskapszczola.pl\/produkt\/gift-wrapping-decorative-box-catch-happiness\/"},"modified":"2025-02-17T17:40:37","modified_gmt":"2025-02-17T16:40:37","slug":"gift-wrapping-decorative-box-catch-happiness","status":"publish","type":"product","link":"https:\/\/boskapszczola.pl\/en\/produkt\/gift-wrapping-decorative-box-catch-happiness\/","title":{"rendered":"Gift wrapping &#8211; decorative box &#8220;Catch happiness&#8221;"},"content":{"rendered":"\t\t<div data-elementor-type=\"wp-post\" data-elementor-id=\"13127\" class=\"elementor elementor-13127 elementor-10236\" data-elementor-post-type=\"product\">\n\t\t\t\t\t\t<section class=\"elementor-section elementor-top-section elementor-element elementor-element-dbc8ac0 elementor-section-boxed elementor-section-height-default elementor-section-height-default\" data-id=\"dbc8ac0\" data-element_type=\"section\" data-e-type=\"section\">\n\t\t\t\t\t\t<div class=\"elementor-container elementor-column-gap-no\">\n\t\t\t\t\t<div class=\"elementor-column elementor-col-100 elementor-top-column elementor-element elementor-element-ebc6f2e\" data-id=\"ebc6f2e\" data-element_type=\"column\" data-e-type=\"column\">\n\t\t\t<div class=\"elementor-widget-wrap elementor-element-populated\">\n\t\t\t\t\t\t<div class=\"elementor-element elementor-element-d42967c elementor-widget elementor-widget-heading\" data-id=\"d42967c\" data-element_type=\"widget\" data-e-type=\"widget\" data-widget_type=\"heading.default\">\n\t\t\t\t<div class=\"elementor-widget-container\">\n\t\t\t\t\t<h3 class=\"elementor-heading-title elementor-size-default\">Gift box with original illustration<\/h3>\t\t\t\t<\/div>\n\t\t\t\t<\/div>\n\t\t\t\t<div class=\"elementor-element elementor-element-ad8e2d2 elementor-widget elementor-widget-text-editor\" data-id=\"ad8e2d2\" data-element_type=\"widget\" data-e-type=\"widget\" data-widget_type=\"text-editor.default\">\n\t\t\t\t<div class=\"elementor-widget-container\">\n\t\t\t\t\t\t\t\t\t<p>Freshly spun cosmetics straight from the wild meadow from Divine Bee look perfect in this box. Give your loved ones joy, and save yourself the time spent on packaging. A gift for loved ones will be ready in a few clicks \ud83d\ude42  <\/p>\t\t\t\t\t\t\t\t<\/div>\n\t\t\t\t<\/div>\n\t\t\t\t<section class=\"elementor-section elementor-inner-section elementor-element elementor-element-42bd307 elementor-section-boxed elementor-section-height-default elementor-section-height-default\" data-id=\"42bd307\" data-element_type=\"section\" data-e-type=\"section\" data-settings=\"{&quot;background_background&quot;:&quot;classic&quot;}\">\n\t\t\t\t\t\t\t<div class=\"elementor-background-overlay\"><\/div>\n\t\t\t\t\t\t\t<div class=\"elementor-container elementor-column-gap-default\">\n\t\t\t\t\t<div class=\"elementor-column elementor-col-100 elementor-inner-column elementor-element elementor-element-2bc69b8\" data-id=\"2bc69b8\" data-element_type=\"column\" data-e-type=\"column\">\n\t\t\t<div class=\"elementor-widget-wrap\">\n\t\t\t\t\t\t\t<\/div>\n\t\t<\/div>\n\t\t\t\t\t<\/div>\n\t\t<\/section>\n\t\t\t\t<section class=\"elementor-section elementor-inner-section elementor-element elementor-element-9f79559 elementor-section-boxed elementor-section-height-default elementor-section-height-default\" data-id=\"9f79559\" data-element_type=\"section\" data-e-type=\"section\">\n\t\t\t\t\t\t<div class=\"elementor-container elementor-column-gap-no\">\n\t\t\t\t\t<div class=\"elementor-column elementor-col-50 elementor-inner-column elementor-element elementor-element-47147fb\" data-id=\"47147fb\" data-element_type=\"column\" data-e-type=\"column\">\n\t\t\t<div class=\"elementor-widget-wrap elementor-element-populated\">\n\t\t\t\t\t\t<div class=\"elementor-element elementor-element-925d569 elementor-widget elementor-widget-heading\" data-id=\"925d569\" data-element_type=\"widget\" data-e-type=\"widget\" data-widget_type=\"heading.default\">\n\t\t\t\t<div class=\"elementor-widget-container\">\n\t\t\t\t\t<h3 class=\"elementor-heading-title elementor-size-default\">Tips<\/h3>\t\t\t\t<\/div>\n\t\t\t\t<\/div>\n\t\t\t\t<div class=\"elementor-element elementor-element-cf00d43 elementor-widget-divider--view-line elementor-widget elementor-widget-divider\" data-id=\"cf00d43\" data-element_type=\"widget\" data-e-type=\"widget\" data-widget_type=\"divider.default\">\n\t\t\t\t<div class=\"elementor-widget-container\">\n\t\t\t\t\t\t\t<div class=\"elementor-divider\">\n\t\t\t<span class=\"elementor-divider-separator\">\n\t\t\t\t\t\t<\/span>\n\t\t<\/div>\n\t\t\t\t\t\t<\/div>\n\t\t\t\t<\/div>\n\t\t\t\t\t<\/div>\n\t\t<\/div>\n\t\t\t\t<div class=\"elementor-column elementor-col-50 elementor-inner-column elementor-element elementor-element-3c63fec\" data-id=\"3c63fec\" data-element_type=\"column\" data-e-type=\"column\">\n\t\t\t<div class=\"elementor-widget-wrap elementor-element-populated\">\n\t\t\t\t\t\t<div class=\"elementor-element elementor-element-04ae7be elementor-widget elementor-widget-heading\" data-id=\"04ae7be\" data-element_type=\"widget\" data-e-type=\"widget\" data-widget_type=\"heading.default\">\n\t\t\t\t<div class=\"elementor-widget-container\">\n\t\t\t\t\t<h4 class=\"elementor-heading-title elementor-size-default\">One order, and several gifts?<\/h4>\t\t\t\t<\/div>\n\t\t\t\t<\/div>\n\t\t\t\t<div class=\"elementor-element elementor-element-4f23bee elementor-align-start elementor-icon-list--layout-traditional elementor-list-item-link-full_width elementor-widget elementor-widget-icon-list\" data-id=\"4f23bee\" data-element_type=\"widget\" data-e-type=\"widget\" data-widget_type=\"icon-list.default\">\n\t\t\t\t<div class=\"elementor-widget-container\">\n\t\t\t\t\t\t\t<ul class=\"elementor-icon-list-items\">\n\t\t\t\t\t\t\t<li class=\"elementor-icon-list-item\">\n\t\t\t\t\t\t\t\t\t\t\t<span class=\"elementor-icon-list-icon\">\n\t\t\t\t\t\t\t<i aria-hidden=\"true\" class=\"far fa-dot-circle\"><\/i>\t\t\t\t\t\t<\/span>\n\t\t\t\t\t\t\t\t\t\t<span class=\"elementor-icon-list-text\">Step 1: place an order for the products you like<\/span>\n\t\t\t\t\t\t\t\t\t<\/li>\n\t\t\t\t\t\t\t\t<li class=\"elementor-icon-list-item\">\n\t\t\t\t\t\t\t\t\t\t\t<span class=\"elementor-icon-list-icon\">\n\t\t\t\t\t\t\t<i aria-hidden=\"true\" class=\"far fa-dot-circle\"><\/i>\t\t\t\t\t\t<\/span>\n\t\t\t\t\t\t\t\t\t\t<span class=\"elementor-icon-list-text\">Step 2: add as many gift packs to your cart as many gifts you want me to prepare<\/span>\n\t\t\t\t\t\t\t\t\t<\/li>\n\t\t\t\t\t\t\t\t<li class=\"elementor-icon-list-item\">\n\t\t\t\t\t\t\t\t\t\t\t<span class=\"elementor-icon-list-icon\">\n\t\t\t\t\t\t\t<i aria-hidden=\"true\" class=\"far fa-dot-circle\"><\/i>\t\t\t\t\t\t<\/span>\n\t\t\t\t\t\t\t\t\t\t<span class=\"elementor-icon-list-text\">Step 3: in the order note (it appears in the ordering process), write the contents of the packages one by one, labeling them with the names of the recipients<\/span>\n\t\t\t\t\t\t\t\t\t<\/li>\n\t\t\t\t\t\t\t\t<li class=\"elementor-icon-list-item\">\n\t\t\t\t\t\t\t\t\t\t\t<span class=\"elementor-icon-list-icon\">\n\t\t\t\t\t\t\t<i aria-hidden=\"true\" class=\"far fa-dot-circle\"><\/i>\t\t\t\t\t\t<\/span>\n\t\t\t\t\t\t\t\t\t\t<span class=\"elementor-icon-list-text\">Step 4: I will prepare for you some nicely wrapped packages, attaching to them markings with the names of the recipients, so that you can easily distinguish which gift was wrapped for whom<\/span>\n\t\t\t\t\t\t\t\t\t<\/li>\n\t\t\t\t\t\t\t\t<li class=\"elementor-icon-list-item\">\n\t\t\t\t\t\t\t\t\t\t\t<span class=\"elementor-icon-list-icon\">\n\t\t\t\t\t\t\t<i aria-hidden=\"true\" class=\"far fa-dot-circle\"><\/i>\t\t\t\t\t\t<\/span>\n\t\t\t\t\t\t\t\t\t\t<span class=\"elementor-icon-list-text\">Step 5: your gifts are ready! And if you want to do things differently, please write me in the order note <\/span>\n\t\t\t\t\t\t\t\t\t<\/li>\n\t\t\t\t\t\t<\/ul>\n\t\t\t\t\t\t<\/div>\n\t\t\t\t<\/div>\n\t\t\t\t\t<\/div>\n\t\t<\/div>\n\t\t\t\t\t<\/div>\n\t\t<\/section>\n\t\t\t\t\t<\/div>\n\t\t<\/div>\n\t\t\t\t\t<\/div>\n\t\t<\/section>\n\t\t\t\t<\/div>\n\t\t","protected":false},"excerpt":{"rendered":"<p>&nbsp;<\/p>\n<p>A beautiful gift box of the cardboard type with a closure, with an original illustration by Ewelina G\u0105ska and the inscription &#8220;Catch happiness&#8221;. I fill the box with colorful tissue paper and a cosmetic of your choice, which you add to the shopping cart. A unique gift that will bring a lot of joy to your loved one.  <\/p>\n","protected":false},"featured_media":12936,"comment_status":"open","ping_status":"closed","template":"","meta":{"site-sidebar-layout":"default","site-content-layout":"default","ast-site-content-layout":"default","site-content-style":"default","site-sidebar-style":"default","ast-global-header-display":"","ast-banner-title-visibility":"","ast-main-header-display":"","ast-hfb-above-header-display":"","ast-hfb-below-header-display":"","ast-hfb-mobile-header-display":"","site-post-title":"disabled","ast-breadcrumbs-content":"","ast-featured-img":"disabled","footer-sml-layout":"","ast-disable-related-posts":"","theme-transparent-header-meta":"default","adv-header-id-meta":"","stick-header-meta":"","header-above-stick-meta":"","header-main-stick-meta":"","header-below-stick-meta":"","astra-migrate-meta-layouts":"default","ast-page-background-enabled":"default","ast-page-background-meta":{"desktop":{"background-color":"var(--ast-global-color-4)","background-image":"","background-repeat":"repeat","background-position":"center center","background-size":"auto","background-attachment":"scroll","background-type":"","background-media":"","overlay-type":"","overlay-color":"","overlay-opacity":"","overlay-gradient":""},"tablet":{"background-color":"","background-image":"","background-repeat":"repeat","background-position":"center center","background-size":"auto","background-attachment":"scroll","background-type":"","background-media":"","overlay-type":"","overlay-color":"","overlay-opacity":"","overlay-gradient":""},"mobile":{"background-color":"","background-image":"","background-repeat":"repeat","background-position":"center center","background-size":"auto","background-attachment":"scroll","background-type":"","background-media":"","overlay-type":"","overlay-color":"","overlay-opacity":"","overlay-gradient":""}},"ast-content-background-meta":{"desktop":{"background-color":"var(--ast-global-color-5)","background-image":"","background-repeat":"repeat","background-position":"center center","background-size":"auto","background-attachment":"scroll","background-type":"","background-media":"","overlay-type":"","overlay-color":"","overlay-opacity":"","overlay-gradient":""},"tablet":{"background-color":"var(--ast-global-color-5)","background-image":"","background-repeat":"repeat","background-position":"center center","background-size":"auto","background-attachment":"scroll","background-type":"","background-media":"","overlay-type":"","overlay-color":"","overlay-opacity":"","overlay-gradient":""},"mobile":{"background-color":"var(--ast-global-color-5)","background-image":"","background-repeat":"repeat","background-position":"center center","background-size":"auto","background-attachment":"scroll","background-type":"","background-media":"","overlay-type":"","overlay-color":"","overlay-opacity":"","overlay-gradient":""}}},"product_brand":[],"product_cat":[191],"product_tag":[],"class_list":{"0":"post-13127","1":"product","2":"type-product","3":"status-publish","4":"has-post-thumbnail","6":"product_cat-gift","7":"desktop-align-left","8":"tablet-align-left","9":"mobile-align-left","10":"ast-product-gallery-layout-horizontal-slider","11":"ast-product-tabs-layout-horizontal","13":"first","14":"instock","15":"taxable","16":"shipping-taxable","17":"purchasable","18":"product-type-simple"},"yoast_head":"<!-- This site is optimized with the Yoast SEO plugin v27.3 - https:\/\/yoast.com\/product\/yoast-seo-wordpress\/ -->\n<title>Gift wrapping - decorative box &quot;Catch happiness&quot; - 100% naturalne, ro\u015blinne kosmetyki z \u0142\u0105k i zi\u00f3\u0142<\/title>\n<meta name=\"robots\" content=\"index, follow, max-snippet:-1, max-image-preview:large, max-video-preview:-1\" \/>\n<link rel=\"canonical\" href=\"https:\/\/boskapszczola.pl\/en\/produkt\/gift-wrapping-decorative-box-catch-happiness\/\" \/>\n<meta property=\"og:locale\" content=\"en_US\" \/>\n<meta property=\"og:type\" content=\"article\" \/>\n<meta property=\"og:title\" content=\"Gift wrapping - decorative box &quot;Catch happiness&quot; - 100% naturalne, ro\u015blinne kosmetyki z \u0142\u0105k i zi\u00f3\u0142\" \/>\n<meta property=\"og:description\" content=\"&nbsp; A beautiful gift box of the cardboard type with a closure, with an original illustration by Ewelina G\u0105ska and the inscription &quot;Catch happiness&quot;. I fill the box with colorful tissue paper and a cosmetic of your choice, which you add to the shopping cart. A unique gift that will bring a lot of joy to your loved one.\" \/>\n<meta property=\"og:url\" content=\"https:\/\/boskapszczola.pl\/en\/produkt\/gift-wrapping-decorative-box-catch-happiness\/\" \/>\n<meta property=\"og:site_name\" content=\"100% naturalne, ro\u015blinne kosmetyki z \u0142\u0105k i zi\u00f3\u0142\" \/>\n<meta property=\"article:modified_time\" content=\"2025-02-17T16:40:37+00:00\" \/>\n<meta property=\"og:image\" content=\"https:\/\/boskapszczola.pl\/wp-content\/uploads\/2023\/12\/2.jpg\" \/>\n\t<meta property=\"og:image:width\" content=\"960\" \/>\n\t<meta property=\"og:image:height\" content=\"1170\" \/>\n\t<meta property=\"og:image:type\" content=\"image\/jpeg\" \/>\n<meta name=\"twitter:card\" content=\"summary_large_image\" \/>\n<meta name=\"twitter:label1\" content=\"Est. reading time\" \/>\n\t<meta name=\"twitter:data1\" content=\"1 minute\" \/>\n<script type=\"application\/ld+json\" class=\"yoast-schema-graph\">{\"@context\":\"https:\\\/\\\/schema.org\",\"@graph\":[{\"@type\":\"WebPage\",\"@id\":\"https:\\\/\\\/boskapszczola.pl\\\/en\\\/produkt\\\/gift-wrapping-decorative-box-catch-happiness\\\/\",\"url\":\"https:\\\/\\\/boskapszczola.pl\\\/en\\\/produkt\\\/gift-wrapping-decorative-box-catch-happiness\\\/\",\"name\":\"Gift wrapping - decorative box \\\"Catch happiness\\\" - 100% naturalne, ro\u015blinne kosmetyki z \u0142\u0105k i zi\u00f3\u0142\",\"isPartOf\":{\"@id\":\"https:\\\/\\\/boskapszczola.pl\\\/#website\"},\"primaryImageOfPage\":{\"@id\":\"https:\\\/\\\/boskapszczola.pl\\\/en\\\/produkt\\\/gift-wrapping-decorative-box-catch-happiness\\\/#primaryimage\"},\"image\":{\"@id\":\"https:\\\/\\\/boskapszczola.pl\\\/en\\\/produkt\\\/gift-wrapping-decorative-box-catch-happiness\\\/#primaryimage\"},\"thumbnailUrl\":\"https:\\\/\\\/boskapszczola.pl\\\/wp-content\\\/uploads\\\/2023\\\/12\\\/2.jpg\",\"datePublished\":\"2023-12-05T19:00:35+00:00\",\"dateModified\":\"2025-02-17T16:40:37+00:00\",\"breadcrumb\":{\"@id\":\"https:\\\/\\\/boskapszczola.pl\\\/en\\\/produkt\\\/gift-wrapping-decorative-box-catch-happiness\\\/#breadcrumb\"},\"inLanguage\":\"en-US\",\"potentialAction\":[{\"@type\":\"ReadAction\",\"target\":[\"https:\\\/\\\/boskapszczola.pl\\\/en\\\/produkt\\\/gift-wrapping-decorative-box-catch-happiness\\\/\"]}]},{\"@type\":\"ImageObject\",\"inLanguage\":\"en-US\",\"@id\":\"https:\\\/\\\/boskapszczola.pl\\\/en\\\/produkt\\\/gift-wrapping-decorative-box-catch-happiness\\\/#primaryimage\",\"url\":\"https:\\\/\\\/boskapszczola.pl\\\/wp-content\\\/uploads\\\/2023\\\/12\\\/2.jpg\",\"contentUrl\":\"https:\\\/\\\/boskapszczola.pl\\\/wp-content\\\/uploads\\\/2023\\\/12\\\/2.jpg\",\"width\":960,\"height\":1170},{\"@type\":\"BreadcrumbList\",\"@id\":\"https:\\\/\\\/boskapszczola.pl\\\/en\\\/produkt\\\/gift-wrapping-decorative-box-catch-happiness\\\/#breadcrumb\",\"itemListElement\":[{\"@type\":\"ListItem\",\"position\":1,\"name\":\"Strona g\u0142\u00f3wna\",\"item\":\"https:\\\/\\\/boskapszczola.pl\\\/en\\\/\"},{\"@type\":\"ListItem\",\"position\":2,\"name\":\"Store\",\"item\":\"https:\\\/\\\/boskapszczola.pl\\\/store\\\/\"},{\"@type\":\"ListItem\",\"position\":3,\"name\":\"Gift wrapping &#8211; decorative box &#8220;Catch happiness&#8221;\"}]},{\"@type\":\"WebSite\",\"@id\":\"https:\\\/\\\/boskapszczola.pl\\\/#website\",\"url\":\"https:\\\/\\\/boskapszczola.pl\\\/\",\"name\":\"100% naturalne, ro\u015blinne kosmetyki z \u0142\u0105k i zi\u00f3\u0142\",\"description\":\"\u015awie\u017co ukr\u0119cone kosmetyki z dzikiej \u0142\u0105ki\",\"publisher\":{\"@id\":\"https:\\\/\\\/boskapszczola.pl\\\/#organization\"},\"potentialAction\":[{\"@type\":\"SearchAction\",\"target\":{\"@type\":\"EntryPoint\",\"urlTemplate\":\"https:\\\/\\\/boskapszczola.pl\\\/?s={search_term_string}\"},\"query-input\":{\"@type\":\"PropertyValueSpecification\",\"valueRequired\":true,\"valueName\":\"search_term_string\"}}],\"inLanguage\":\"en-US\"},{\"@type\":\"Organization\",\"@id\":\"https:\\\/\\\/boskapszczola.pl\\\/#organization\",\"name\":\"100% naturalne, ro\u015blinne kosmetyki z \u0142\u0105k i zi\u00f3\u0142\",\"url\":\"https:\\\/\\\/boskapszczola.pl\\\/\",\"logo\":{\"@type\":\"ImageObject\",\"inLanguage\":\"en-US\",\"@id\":\"https:\\\/\\\/boskapszczola.pl\\\/#\\\/schema\\\/logo\\\/image\\\/\",\"url\":\"https:\\\/\\\/boskapszczola.pl\\\/wp-content\\\/uploads\\\/2018\\\/07\\\/cropped-cropped-logo_2.png\",\"contentUrl\":\"https:\\\/\\\/boskapszczola.pl\\\/wp-content\\\/uploads\\\/2018\\\/07\\\/cropped-cropped-logo_2.png\",\"width\":414,\"height\":194,\"caption\":\"100% naturalne, ro\u015blinne kosmetyki z \u0142\u0105k i zi\u00f3\u0142\"},\"image\":{\"@id\":\"https:\\\/\\\/boskapszczola.pl\\\/#\\\/schema\\\/logo\\\/image\\\/\"}}]}<\/script>\n<!-- \/ Yoast SEO plugin. -->","yoast_head_json":{"title":"Gift wrapping - decorative box \"Catch happiness\" - 100% naturalne, ro\u015blinne kosmetyki z \u0142\u0105k i zi\u00f3\u0142","robots":{"index":"index","follow":"follow","max-snippet":"max-snippet:-1","max-image-preview":"max-image-preview:large","max-video-preview":"max-video-preview:-1"},"canonical":"https:\/\/boskapszczola.pl\/en\/produkt\/gift-wrapping-decorative-box-catch-happiness\/","og_locale":"en_US","og_type":"article","og_title":"Gift wrapping - decorative box \"Catch happiness\" - 100% naturalne, ro\u015blinne kosmetyki z \u0142\u0105k i zi\u00f3\u0142","og_description":"&nbsp; A beautiful gift box of the cardboard type with a closure, with an original illustration by Ewelina G\u0105ska and the inscription \"Catch happiness\". I fill the box with colorful tissue paper and a cosmetic of your choice, which you add to the shopping cart. A unique gift that will bring a lot of joy to your loved one.","og_url":"https:\/\/boskapszczola.pl\/en\/produkt\/gift-wrapping-decorative-box-catch-happiness\/","og_site_name":"100% naturalne, ro\u015blinne kosmetyki z \u0142\u0105k i zi\u00f3\u0142","article_modified_time":"2025-02-17T16:40:37+00:00","og_image":[{"width":960,"height":1170,"url":"https:\/\/boskapszczola.pl\/wp-content\/uploads\/2023\/12\/2.jpg","type":"image\/jpeg"}],"twitter_card":"summary_large_image","twitter_misc":{"Est. reading time":"1 minute"},"schema":{"@context":"https:\/\/schema.org","@graph":[{"@type":"WebPage","@id":"https:\/\/boskapszczola.pl\/en\/produkt\/gift-wrapping-decorative-box-catch-happiness\/","url":"https:\/\/boskapszczola.pl\/en\/produkt\/gift-wrapping-decorative-box-catch-happiness\/","name":"Gift wrapping - decorative box \"Catch happiness\" - 100% naturalne, ro\u015blinne kosmetyki z \u0142\u0105k i zi\u00f3\u0142","isPartOf":{"@id":"https:\/\/boskapszczola.pl\/#website"},"primaryImageOfPage":{"@id":"https:\/\/boskapszczola.pl\/en\/produkt\/gift-wrapping-decorative-box-catch-happiness\/#primaryimage"},"image":{"@id":"https:\/\/boskapszczola.pl\/en\/produkt\/gift-wrapping-decorative-box-catch-happiness\/#primaryimage"},"thumbnailUrl":"https:\/\/boskapszczola.pl\/wp-content\/uploads\/2023\/12\/2.jpg","datePublished":"2023-12-05T19:00:35+00:00","dateModified":"2025-02-17T16:40:37+00:00","breadcrumb":{"@id":"https:\/\/boskapszczola.pl\/en\/produkt\/gift-wrapping-decorative-box-catch-happiness\/#breadcrumb"},"inLanguage":"en-US","potentialAction":[{"@type":"ReadAction","target":["https:\/\/boskapszczola.pl\/en\/produkt\/gift-wrapping-decorative-box-catch-happiness\/"]}]},{"@type":"ImageObject","inLanguage":"en-US","@id":"https:\/\/boskapszczola.pl\/en\/produkt\/gift-wrapping-decorative-box-catch-happiness\/#primaryimage","url":"https:\/\/boskapszczola.pl\/wp-content\/uploads\/2023\/12\/2.jpg","contentUrl":"https:\/\/boskapszczola.pl\/wp-content\/uploads\/2023\/12\/2.jpg","width":960,"height":1170},{"@type":"BreadcrumbList","@id":"https:\/\/boskapszczola.pl\/en\/produkt\/gift-wrapping-decorative-box-catch-happiness\/#breadcrumb","itemListElement":[{"@type":"ListItem","position":1,"name":"Strona g\u0142\u00f3wna","item":"https:\/\/boskapszczola.pl\/en\/"},{"@type":"ListItem","position":2,"name":"Store","item":"https:\/\/boskapszczola.pl\/store\/"},{"@type":"ListItem","position":3,"name":"Gift wrapping &#8211; decorative box &#8220;Catch happiness&#8221;"}]},{"@type":"WebSite","@id":"https:\/\/boskapszczola.pl\/#website","url":"https:\/\/boskapszczola.pl\/","name":"100% naturalne, ro\u015blinne kosmetyki z \u0142\u0105k i zi\u00f3\u0142","description":"\u015awie\u017co ukr\u0119cone kosmetyki z dzikiej \u0142\u0105ki","publisher":{"@id":"https:\/\/boskapszczola.pl\/#organization"},"potentialAction":[{"@type":"SearchAction","target":{"@type":"EntryPoint","urlTemplate":"https:\/\/boskapszczola.pl\/?s={search_term_string}"},"query-input":{"@type":"PropertyValueSpecification","valueRequired":true,"valueName":"search_term_string"}}],"inLanguage":"en-US"},{"@type":"Organization","@id":"https:\/\/boskapszczola.pl\/#organization","name":"100% naturalne, ro\u015blinne kosmetyki z \u0142\u0105k i zi\u00f3\u0142","url":"https:\/\/boskapszczola.pl\/","logo":{"@type":"ImageObject","inLanguage":"en-US","@id":"https:\/\/boskapszczola.pl\/#\/schema\/logo\/image\/","url":"https:\/\/boskapszczola.pl\/wp-content\/uploads\/2018\/07\/cropped-cropped-logo_2.png","contentUrl":"https:\/\/boskapszczola.pl\/wp-content\/uploads\/2018\/07\/cropped-cropped-logo_2.png","width":414,"height":194,"caption":"100% naturalne, ro\u015blinne kosmetyki z \u0142\u0105k i zi\u00f3\u0142"},"image":{"@id":"https:\/\/boskapszczola.pl\/#\/schema\/logo\/image\/"}}]}},"_links":{"self":[{"href":"https:\/\/boskapszczola.pl\/en\/wp-json\/wp\/v2\/product\/13127","targetHints":{"allow":["GET"]}}],"collection":[{"href":"https:\/\/boskapszczola.pl\/en\/wp-json\/wp\/v2\/product"}],"about":[{"href":"https:\/\/boskapszczola.pl\/en\/wp-json\/wp\/v2\/types\/product"}],"replies":[{"embeddable":true,"href":"https:\/\/boskapszczola.pl\/en\/wp-json\/wp\/v2\/comments?post=13127"}],"version-history":[{"count":1,"href":"https:\/\/boskapszczola.pl\/en\/wp-json\/wp\/v2\/product\/13127\/revisions"}],"predecessor-version":[{"id":13128,"href":"https:\/\/boskapszczola.pl\/en\/wp-json\/wp\/v2\/product\/13127\/revisions\/13128"}],"wp:featuredmedia":[{"embeddable":true,"href":"https:\/\/boskapszczola.pl\/en\/wp-json\/wp\/v2\/media\/12936"}],"wp:attachment":[{"href":"https:\/\/boskapszczola.pl\/en\/wp-json\/wp\/v2\/media?parent=13127"}],"wp:term":[{"taxonomy":"product_brand","embeddable":true,"href":"https:\/\/boskapszczola.pl\/en\/wp-json\/wp\/v2\/product_brand?post=13127"},{"taxonomy":"product_cat","embeddable":true,"href":"https:\/\/boskapszczola.pl\/en\/wp-json\/wp\/v2\/product_cat?post=13127"},{"taxonomy":"product_tag","embeddable":true,"href":"https:\/\/boskapszczola.pl\/en\/wp-json\/wp\/v2\/product_tag?post=13127"}],"curies":[{"name":"wp","href":"https:\/\/api.w.org\/{rel}","templated":true}]}}